{"id":9392,"date":"2025-10-03T11:03:50","date_gmt":"2025-10-03T10:03:50","guid":{"rendered":"https:\/\/fhce.eu\/termek\/asc-300-mm2-conductor-61-2-50-mm\/"},"modified":"2025-10-03T11:36:54","modified_gmt":"2025-10-03T10:36:54","slug":"asc-300-mm2-conductor-61-2-50-mm","status":"publish","type":"product","link":"https:\/\/fhce.eu\/en\/product\/asc-300-mm2-conductor-61-2-50-mm\/","title":{"rendered":"ASC 300 mm2 conductor \u2013 61\/2.50 mm"},"content":{"rendered":"","protected":false},"excerpt":{"rendered":"","protected":false},"featured_media":0,"template":"","meta":{"_acf_changed":false},"product_brand":[],"product_cat":[268,266],"product_tag":[],"class_list":{"0":"post-9392","1":"product","2":"type-product","3":"status-publish","5":"product_cat-asc-en","6":"product_cat-conductors","8":"first","9":"instock","10":"purchasable","11":"product-type-simple"},"acf":[],"yoast_head":"<!-- This site is optimized with the Yoast SEO Premium plugin v27.1 (Yoast SEO v27.1.1) - https:\/\/yoast.com\/product\/yoast-seo-premium-wordpress\/ -->\n<title>ASC 300 mm2 conductor \u2013 61\/2.50 mm &#8211; FHCE<\/title>\n<meta name=\"robots\" content=\"index, follow, max-snippet:-1, max-image-preview:large, max-video-preview:-1\" \/>\n<link rel=\"canonical\" href=\"https:\/\/fhce.eu\/en\/product\/asc-300-mm2-conductor-61-2-50-mm\/\" \/>\n<meta property=\"og:locale\" content=\"en_US\" \/>\n<meta property=\"og:type\" content=\"article\" \/>\n<meta property=\"og:title\" content=\"ASC 300 mm2 conductor \u2013 61\/2.50 mm\" \/>\n<meta property=\"og:url\" content=\"https:\/\/fhce.eu\/en\/product\/asc-300-mm2-conductor-61-2-50-mm\/\" \/>\n<meta property=\"og:site_name\" content=\"FHCE\" \/>\n<meta property=\"article:modified_time\" content=\"2025-10-03T10:36:54+00:00\" \/>\n<meta property=\"og:image\" content=\"https:\/\/fhce.eu\/wp-content\/uploads\/2025\/06\/hero-img-lg-scaled.jpg\" \/>\n\t<meta property=\"og:image:width\" content=\"2560\" \/>\n\t<meta property=\"og:image:height\" content=\"1708\" \/>\n\t<meta property=\"og:image:type\" content=\"image\/jpeg\" \/>\n<script type=\"application\/ld+json\" class=\"yoast-schema-graph\">{\"@context\":\"https:\/\/schema.org\",\"@graph\":[{\"@type\":\"WebPage\",\"@id\":\"https:\/\/fhce.eu\/en\/product\/asc-300-mm2-conductor-61-2-50-mm\/\",\"url\":\"https:\/\/fhce.eu\/en\/product\/asc-300-mm2-conductor-61-2-50-mm\/\",\"name\":\"ASC 300 mm2 conductor \u2013 61\/2.50 mm &#8211; FHCE\",\"isPartOf\":{\"@id\":\"https:\/\/fhce.eu\/#website\"},\"datePublished\":\"2025-10-03T10:03:50+00:00\",\"dateModified\":\"2025-10-03T10:36:54+00:00\",\"breadcrumb\":{\"@id\":\"https:\/\/fhce.eu\/en\/product\/asc-300-mm2-conductor-61-2-50-mm\/#breadcrumb\"},\"inLanguage\":\"en-US\",\"potentialAction\":[{\"@type\":\"ReadAction\",\"target\":[\"https:\/\/fhce.eu\/en\/product\/asc-300-mm2-conductor-61-2-50-mm\/\"]}]},{\"@type\":\"BreadcrumbList\",\"@id\":\"https:\/\/fhce.eu\/en\/product\/asc-300-mm2-conductor-61-2-50-mm\/#breadcrumb\",\"itemListElement\":[{\"@type\":\"ListItem\",\"position\":1,\"name\":\"Home\",\"item\":\"https:\/\/fhce.eu\/en\/\"},{\"@type\":\"ListItem\",\"position\":2,\"name\":\"Catalogue\",\"item\":\"https:\/\/fhce.eu\/en\/catalogue\/\"},{\"@type\":\"ListItem\",\"position\":3,\"name\":\"ASC 300 mm2 conductor \u2013 61\/2.50 mm\"}]},{\"@type\":\"WebSite\",\"@id\":\"https:\/\/fhce.eu\/#website\",\"url\":\"https:\/\/fhce.eu\/\",\"name\":\"FHCE\",\"description\":\"Sz\u00e9less\u00e1von a j\u00f6v\u0151\u00e9rt\",\"publisher\":{\"@id\":\"https:\/\/fhce.eu\/#organization\"},\"potentialAction\":[{\"@type\":\"SearchAction\",\"target\":{\"@type\":\"EntryPoint\",\"urlTemplate\":\"https:\/\/fhce.eu\/?s={search_term_string}\"},\"query-input\":{\"@type\":\"PropertyValueSpecification\",\"valueRequired\":true,\"valueName\":\"search_term_string\"}}],\"inLanguage\":\"en-US\"},{\"@type\":\"Organization\",\"@id\":\"https:\/\/fhce.eu\/#organization\",\"name\":\"FHCE\",\"url\":\"https:\/\/fhce.eu\/\",\"logo\":{\"@type\":\"ImageObject\",\"inLanguage\":\"en-US\",\"@id\":\"https:\/\/fhce.eu\/#\/schema\/logo\/image\/\",\"url\":\"https:\/\/fhce.eu\/wp-content\/uploads\/2021\/04\/logo2_transparent-depositphotos-bgremover.png\",\"contentUrl\":\"https:\/\/fhce.eu\/wp-content\/uploads\/2021\/04\/logo2_transparent-depositphotos-bgremover.png\",\"width\":934,\"height\":404,\"caption\":\"FHCE\"},\"image\":{\"@id\":\"https:\/\/fhce.eu\/#\/schema\/logo\/image\/\"}}]}<\/script>\n<!-- \/ Yoast SEO Premium plugin. -->","yoast_head_json":{"title":"ASC 300 mm2 conductor \u2013 61\/2.50 mm &#8211; FHCE","robots":{"index":"index","follow":"follow","max-snippet":"max-snippet:-1","max-image-preview":"max-image-preview:large","max-video-preview":"max-video-preview:-1"},"canonical":"https:\/\/fhce.eu\/en\/product\/asc-300-mm2-conductor-61-2-50-mm\/","og_locale":"en_US","og_type":"article","og_title":"ASC 300 mm2 conductor \u2013 61\/2.50 mm","og_url":"https:\/\/fhce.eu\/en\/product\/asc-300-mm2-conductor-61-2-50-mm\/","og_site_name":"FHCE","article_modified_time":"2025-10-03T10:36:54+00:00","og_image":[{"width":2560,"height":1708,"url":"https:\/\/fhce.eu\/wp-content\/uploads\/2025\/06\/hero-img-lg-scaled.jpg","type":"image\/jpeg"}],"schema":{"@context":"https:\/\/schema.org","@graph":[{"@type":"WebPage","@id":"https:\/\/fhce.eu\/en\/product\/asc-300-mm2-conductor-61-2-50-mm\/","url":"https:\/\/fhce.eu\/en\/product\/asc-300-mm2-conductor-61-2-50-mm\/","name":"ASC 300 mm2 conductor \u2013 61\/2.50 mm &#8211; FHCE","isPartOf":{"@id":"https:\/\/fhce.eu\/#website"},"datePublished":"2025-10-03T10:03:50+00:00","dateModified":"2025-10-03T10:36:54+00:00","breadcrumb":{"@id":"https:\/\/fhce.eu\/en\/product\/asc-300-mm2-conductor-61-2-50-mm\/#breadcrumb"},"inLanguage":"en-US","potentialAction":[{"@type":"ReadAction","target":["https:\/\/fhce.eu\/en\/product\/asc-300-mm2-conductor-61-2-50-mm\/"]}]},{"@type":"BreadcrumbList","@id":"https:\/\/fhce.eu\/en\/product\/asc-300-mm2-conductor-61-2-50-mm\/#breadcrumb","itemListElement":[{"@type":"ListItem","position":1,"name":"Home","item":"https:\/\/fhce.eu\/en\/"},{"@type":"ListItem","position":2,"name":"Catalogue","item":"https:\/\/fhce.eu\/en\/catalogue\/"},{"@type":"ListItem","position":3,"name":"ASC 300 mm2 conductor \u2013 61\/2.50 mm"}]},{"@type":"WebSite","@id":"https:\/\/fhce.eu\/#website","url":"https:\/\/fhce.eu\/","name":"FHCE","description":"Sz\u00e9less\u00e1von a j\u00f6v\u0151\u00e9rt","publisher":{"@id":"https:\/\/fhce.eu\/#organization"},"potentialAction":[{"@type":"SearchAction","target":{"@type":"EntryPoint","urlTemplate":"https:\/\/fhce.eu\/?s={search_term_string}"},"query-input":{"@type":"PropertyValueSpecification","valueRequired":true,"valueName":"search_term_string"}}],"inLanguage":"en-US"},{"@type":"Organization","@id":"https:\/\/fhce.eu\/#organization","name":"FHCE","url":"https:\/\/fhce.eu\/","logo":{"@type":"ImageObject","inLanguage":"en-US","@id":"https:\/\/fhce.eu\/#\/schema\/logo\/image\/","url":"https:\/\/fhce.eu\/wp-content\/uploads\/2021\/04\/logo2_transparent-depositphotos-bgremover.png","contentUrl":"https:\/\/fhce.eu\/wp-content\/uploads\/2021\/04\/logo2_transparent-depositphotos-bgremover.png","width":934,"height":404,"caption":"FHCE"},"image":{"@id":"https:\/\/fhce.eu\/#\/schema\/logo\/image\/"}}]}},"_links":{"self":[{"href":"https:\/\/fhce.eu\/en\/wp-json\/wp\/v2\/product\/9392","targetHints":{"allow":["GET"]}}],"collection":[{"href":"https:\/\/fhce.eu\/en\/wp-json\/wp\/v2\/product"}],"about":[{"href":"https:\/\/fhce.eu\/en\/wp-json\/wp\/v2\/types\/product"}],"version-history":[{"count":1,"href":"https:\/\/fhce.eu\/en\/wp-json\/wp\/v2\/product\/9392\/revisions"}],"predecessor-version":[{"id":9393,"href":"https:\/\/fhce.eu\/en\/wp-json\/wp\/v2\/product\/9392\/revisions\/9393"}],"wp:attachment":[{"href":"https:\/\/fhce.eu\/en\/wp-json\/wp\/v2\/media?parent=9392"}],"wp:term":[{"taxonomy":"product_brand","embeddable":true,"href":"https:\/\/fhce.eu\/en\/wp-json\/wp\/v2\/product_brand?post=9392"},{"taxonomy":"product_cat","embeddable":true,"href":"https:\/\/fhce.eu\/en\/wp-json\/wp\/v2\/product_cat?post=9392"},{"taxonomy":"product_tag","embeddable":true,"href":"https:\/\/fhce.eu\/en\/wp-json\/wp\/v2\/product_tag?post=9392"}],"curies":[{"name":"wp","href":"https:\/\/api.w.org\/{rel}","templated":true}]}}