{"id":5998,"date":"2025-08-21T10:46:08","date_gmt":"2025-08-21T09:46:08","guid":{"rendered":"https:\/\/fhce.eu\/product\/fve-duct-24x12-cable-g-652d-18-2mm\/"},"modified":"2025-08-29T15:18:39","modified_gmt":"2025-08-29T14:18:39","slug":"fve-duct-24x12-cable-g-652d-18-2mm","status":"publish","type":"product","link":"https:\/\/fhce.eu\/en\/product\/fve-duct-24x12-cable-g-652d-18-2mm\/","title":{"rendered":"Fve Duct 24&#215;12 cable (G.652D) 18.2mm"},"content":{"rendered":"","protected":false},"excerpt":{"rendered":"","protected":false},"featured_media":0,"template":"","meta":{"_acf_changed":false},"product_brand":[],"product_cat":[248,254],"product_tag":[],"class_list":{"0":"post-5998","1":"product","2":"type-product","3":"status-publish","5":"product_cat-optical-cables","6":"product_cat-optical-duct-cables","8":"first","9":"instock","10":"purchasable","11":"product-type-simple"},"acf":[],"yoast_head":"<!-- This site is optimized with the Yoast SEO Premium plugin v27.1 (Yoast SEO v27.1.1) - https:\/\/yoast.com\/product\/yoast-seo-premium-wordpress\/ -->\n<title>Fve Duct 24x12 cable (G.652D) 18.2mm &#8211; FHCE<\/title>\n<meta name=\"robots\" content=\"index, follow, max-snippet:-1, max-image-preview:large, max-video-preview:-1\" \/>\n<link rel=\"canonical\" href=\"https:\/\/fhce.eu\/en\/product\/fve-duct-24x12-cable-g-652d-18-2mm\/\" \/>\n<meta property=\"og:locale\" content=\"en_US\" \/>\n<meta property=\"og:type\" content=\"article\" \/>\n<meta property=\"og:title\" content=\"Fve Duct 24x12 cable (G.652D) 18.2mm\" \/>\n<meta property=\"og:url\" content=\"https:\/\/fhce.eu\/en\/product\/fve-duct-24x12-cable-g-652d-18-2mm\/\" \/>\n<meta property=\"og:site_name\" content=\"FHCE\" \/>\n<meta property=\"article:modified_time\" content=\"2025-08-29T14:18:39+00:00\" \/>\n<meta property=\"og:image\" content=\"https:\/\/fhce.eu\/wp-content\/uploads\/2025\/06\/hero-img-lg-scaled.jpg\" \/>\n\t<meta property=\"og:image:width\" content=\"2560\" \/>\n\t<meta property=\"og:image:height\" content=\"1708\" \/>\n\t<meta property=\"og:image:type\" content=\"image\/jpeg\" \/>\n<script type=\"application\/ld+json\" class=\"yoast-schema-graph\">{\"@context\":\"https:\/\/schema.org\",\"@graph\":[{\"@type\":\"WebPage\",\"@id\":\"https:\/\/fhce.eu\/en\/product\/fve-duct-24x12-cable-g-652d-18-2mm\/\",\"url\":\"https:\/\/fhce.eu\/en\/product\/fve-duct-24x12-cable-g-652d-18-2mm\/\",\"name\":\"Fve Duct 24x12 cable (G.652D) 18.2mm &#8211; FHCE\",\"isPartOf\":{\"@id\":\"https:\/\/fhce.eu\/#website\"},\"datePublished\":\"2025-08-21T09:46:08+00:00\",\"dateModified\":\"2025-08-29T14:18:39+00:00\",\"breadcrumb\":{\"@id\":\"https:\/\/fhce.eu\/en\/product\/fve-duct-24x12-cable-g-652d-18-2mm\/#breadcrumb\"},\"inLanguage\":\"en-US\",\"potentialAction\":[{\"@type\":\"ReadAction\",\"target\":[\"https:\/\/fhce.eu\/en\/product\/fve-duct-24x12-cable-g-652d-18-2mm\/\"]}]},{\"@type\":\"BreadcrumbList\",\"@id\":\"https:\/\/fhce.eu\/en\/product\/fve-duct-24x12-cable-g-652d-18-2mm\/#breadcrumb\",\"itemListElement\":[{\"@type\":\"ListItem\",\"position\":1,\"name\":\"Home\",\"item\":\"https:\/\/fhce.eu\/en\/\"},{\"@type\":\"ListItem\",\"position\":2,\"name\":\"Catalogue\",\"item\":\"https:\/\/fhce.eu\/en\/catalogue\/\"},{\"@type\":\"ListItem\",\"position\":3,\"name\":\"Fve Duct 24&#215;12 cable (G.652D) 18.2mm\"}]},{\"@type\":\"WebSite\",\"@id\":\"https:\/\/fhce.eu\/#website\",\"url\":\"https:\/\/fhce.eu\/\",\"name\":\"FHCE\",\"description\":\"Sz\u00e9less\u00e1von a j\u00f6v\u0151\u00e9rt\",\"publisher\":{\"@id\":\"https:\/\/fhce.eu\/#organization\"},\"potentialAction\":[{\"@type\":\"SearchAction\",\"target\":{\"@type\":\"EntryPoint\",\"urlTemplate\":\"https:\/\/fhce.eu\/?s={search_term_string}\"},\"query-input\":{\"@type\":\"PropertyValueSpecification\",\"valueRequired\":true,\"valueName\":\"search_term_string\"}}],\"inLanguage\":\"en-US\"},{\"@type\":\"Organization\",\"@id\":\"https:\/\/fhce.eu\/#organization\",\"name\":\"FHCE\",\"url\":\"https:\/\/fhce.eu\/\",\"logo\":{\"@type\":\"ImageObject\",\"inLanguage\":\"en-US\",\"@id\":\"https:\/\/fhce.eu\/#\/schema\/logo\/image\/\",\"url\":\"https:\/\/fhce.eu\/wp-content\/uploads\/2021\/04\/logo2_transparent-depositphotos-bgremover.png\",\"contentUrl\":\"https:\/\/fhce.eu\/wp-content\/uploads\/2021\/04\/logo2_transparent-depositphotos-bgremover.png\",\"width\":934,\"height\":404,\"caption\":\"FHCE\"},\"image\":{\"@id\":\"https:\/\/fhce.eu\/#\/schema\/logo\/image\/\"}}]}<\/script>\n<!-- \/ Yoast SEO Premium plugin. -->","yoast_head_json":{"title":"Fve Duct 24x12 cable (G.652D) 18.2mm &#8211; FHCE","robots":{"index":"index","follow":"follow","max-snippet":"max-snippet:-1","max-image-preview":"max-image-preview:large","max-video-preview":"max-video-preview:-1"},"canonical":"https:\/\/fhce.eu\/en\/product\/fve-duct-24x12-cable-g-652d-18-2mm\/","og_locale":"en_US","og_type":"article","og_title":"Fve Duct 24x12 cable (G.652D) 18.2mm","og_url":"https:\/\/fhce.eu\/en\/product\/fve-duct-24x12-cable-g-652d-18-2mm\/","og_site_name":"FHCE","article_modified_time":"2025-08-29T14:18:39+00:00","og_image":[{"width":2560,"height":1708,"url":"https:\/\/fhce.eu\/wp-content\/uploads\/2025\/06\/hero-img-lg-scaled.jpg","type":"image\/jpeg"}],"schema":{"@context":"https:\/\/schema.org","@graph":[{"@type":"WebPage","@id":"https:\/\/fhce.eu\/en\/product\/fve-duct-24x12-cable-g-652d-18-2mm\/","url":"https:\/\/fhce.eu\/en\/product\/fve-duct-24x12-cable-g-652d-18-2mm\/","name":"Fve Duct 24x12 cable (G.652D) 18.2mm &#8211; FHCE","isPartOf":{"@id":"https:\/\/fhce.eu\/#website"},"datePublished":"2025-08-21T09:46:08+00:00","dateModified":"2025-08-29T14:18:39+00:00","breadcrumb":{"@id":"https:\/\/fhce.eu\/en\/product\/fve-duct-24x12-cable-g-652d-18-2mm\/#breadcrumb"},"inLanguage":"en-US","potentialAction":[{"@type":"ReadAction","target":["https:\/\/fhce.eu\/en\/product\/fve-duct-24x12-cable-g-652d-18-2mm\/"]}]},{"@type":"BreadcrumbList","@id":"https:\/\/fhce.eu\/en\/product\/fve-duct-24x12-cable-g-652d-18-2mm\/#breadcrumb","itemListElement":[{"@type":"ListItem","position":1,"name":"Home","item":"https:\/\/fhce.eu\/en\/"},{"@type":"ListItem","position":2,"name":"Catalogue","item":"https:\/\/fhce.eu\/en\/catalogue\/"},{"@type":"ListItem","position":3,"name":"Fve Duct 24&#215;12 cable (G.652D) 18.2mm"}]},{"@type":"WebSite","@id":"https:\/\/fhce.eu\/#website","url":"https:\/\/fhce.eu\/","name":"FHCE","description":"Sz\u00e9less\u00e1von a j\u00f6v\u0151\u00e9rt","publisher":{"@id":"https:\/\/fhce.eu\/#organization"},"potentialAction":[{"@type":"SearchAction","target":{"@type":"EntryPoint","urlTemplate":"https:\/\/fhce.eu\/?s={search_term_string}"},"query-input":{"@type":"PropertyValueSpecification","valueRequired":true,"valueName":"search_term_string"}}],"inLanguage":"en-US"},{"@type":"Organization","@id":"https:\/\/fhce.eu\/#organization","name":"FHCE","url":"https:\/\/fhce.eu\/","logo":{"@type":"ImageObject","inLanguage":"en-US","@id":"https:\/\/fhce.eu\/#\/schema\/logo\/image\/","url":"https:\/\/fhce.eu\/wp-content\/uploads\/2021\/04\/logo2_transparent-depositphotos-bgremover.png","contentUrl":"https:\/\/fhce.eu\/wp-content\/uploads\/2021\/04\/logo2_transparent-depositphotos-bgremover.png","width":934,"height":404,"caption":"FHCE"},"image":{"@id":"https:\/\/fhce.eu\/#\/schema\/logo\/image\/"}}]}},"_links":{"self":[{"href":"https:\/\/fhce.eu\/en\/wp-json\/wp\/v2\/product\/5998","targetHints":{"allow":["GET"]}}],"collection":[{"href":"https:\/\/fhce.eu\/en\/wp-json\/wp\/v2\/product"}],"about":[{"href":"https:\/\/fhce.eu\/en\/wp-json\/wp\/v2\/types\/product"}],"version-history":[{"count":1,"href":"https:\/\/fhce.eu\/en\/wp-json\/wp\/v2\/product\/5998\/revisions"}],"predecessor-version":[{"id":5999,"href":"https:\/\/fhce.eu\/en\/wp-json\/wp\/v2\/product\/5998\/revisions\/5999"}],"wp:attachment":[{"href":"https:\/\/fhce.eu\/en\/wp-json\/wp\/v2\/media?parent=5998"}],"wp:term":[{"taxonomy":"product_brand","embeddable":true,"href":"https:\/\/fhce.eu\/en\/wp-json\/wp\/v2\/product_brand?post=5998"},{"taxonomy":"product_cat","embeddable":true,"href":"https:\/\/fhce.eu\/en\/wp-json\/wp\/v2\/product_cat?post=5998"},{"taxonomy":"product_tag","embeddable":true,"href":"https:\/\/fhce.eu\/en\/wp-json\/wp\/v2\/product_tag?post=5998"}],"curies":[{"name":"wp","href":"https:\/\/api.w.org\/{rel}","templated":true}]}}