{"id":3292,"date":"2020-07-08T08:49:28","date_gmt":"2020-07-08T07:49:28","guid":{"rendered":"https:\/\/fhce.eu\/product\/116plc-oszto-be-1m-ures-ki-16-1m\/"},"modified":"2025-08-29T15:18:29","modified_gmt":"2025-08-29T14:18:29","slug":"plc-splitter-116-with-empty-legs-g657a1-1m","status":"publish","type":"product","link":"https:\/\/fhce.eu\/en\/product\/plc-splitter-116-with-empty-legs-g657a1-1m\/","title":{"rendered":"PLC Splitter 1:16 with empty legs G-657A1 1m"},"content":{"rendered":"","protected":false},"excerpt":{"rendered":"","protected":false},"featured_media":3412,"template":"","meta":{"_acf_changed":false},"product_brand":[],"product_cat":[258,262],"product_tag":[],"class_list":{"0":"post-3292","1":"product","2":"type-product","3":"status-publish","4":"has-post-thumbnail","6":"product_cat-accessories","7":"product_cat-plc-splitters","9":"first","10":"instock","11":"purchasable","12":"product-type-simple"},"acf":[],"yoast_head":"<!-- This site is optimized with the Yoast SEO Premium plugin v27.1 (Yoast SEO v27.1.1) - https:\/\/yoast.com\/product\/yoast-seo-premium-wordpress\/ -->\n<title>PLC Splitter 1:16 with empty legs G-657A1 1m &#8211; FHCE<\/title>\n<meta name=\"robots\" content=\"index, follow, max-snippet:-1, max-image-preview:large, max-video-preview:-1\" \/>\n<link rel=\"canonical\" href=\"https:\/\/fhce.eu\/product\/plc-oszto-116-ures-ki-es-bemeneti-labakkal-g657a1-1m\/\" \/>\n<meta property=\"og:locale\" content=\"en_US\" \/>\n<meta property=\"og:type\" content=\"article\" \/>\n<meta property=\"og:title\" content=\"PLC Splitter 1:16 with empty legs G-657A1 1m\" \/>\n<meta property=\"og:url\" content=\"https:\/\/fhce.eu\/product\/plc-oszto-116-ures-ki-es-bemeneti-labakkal-g657a1-1m\/\" \/>\n<meta property=\"og:site_name\" content=\"FHCE\" \/>\n<meta property=\"article:modified_time\" content=\"2025-08-29T14:18:29+00:00\" \/>\n<meta property=\"og:image\" content=\"https:\/\/fhce.eu\/wp-content\/uploads\/2020\/09\/PLC-1_16_WO_SC.jpg\" \/>\n\t<meta property=\"og:image:width\" content=\"279\" \/>\n\t<meta property=\"og:image:height\" content=\"180\" \/>\n\t<meta property=\"og:image:type\" content=\"image\/jpeg\" \/>\n<script type=\"application\/ld+json\" class=\"yoast-schema-graph\">{\"@context\":\"https:\/\/schema.org\",\"@graph\":[{\"@type\":\"WebPage\",\"@id\":\"https:\/\/fhce.eu\/product\/plc-oszto-116-ures-ki-es-bemeneti-labakkal-g657a1-1m\/\",\"url\":\"https:\/\/fhce.eu\/product\/plc-oszto-116-ures-ki-es-bemeneti-labakkal-g657a1-1m\/\",\"name\":\"PLC Splitter 1:16 with empty legs G-657A1 1m &#8211; FHCE\",\"isPartOf\":{\"@id\":\"https:\/\/fhce.eu\/#website\"},\"primaryImageOfPage\":{\"@id\":\"https:\/\/fhce.eu\/product\/plc-oszto-116-ures-ki-es-bemeneti-labakkal-g657a1-1m\/#primaryimage\"},\"image\":{\"@id\":\"https:\/\/fhce.eu\/product\/plc-oszto-116-ures-ki-es-bemeneti-labakkal-g657a1-1m\/#primaryimage\"},\"thumbnailUrl\":\"https:\/\/fhce.eu\/wp-content\/uploads\/2020\/09\/PLC-1_16_WO_SC.jpg\",\"datePublished\":\"2020-07-08T07:49:28+00:00\",\"dateModified\":\"2025-08-29T14:18:29+00:00\",\"breadcrumb\":{\"@id\":\"https:\/\/fhce.eu\/product\/plc-oszto-116-ures-ki-es-bemeneti-labakkal-g657a1-1m\/#breadcrumb\"},\"inLanguage\":\"en-US\",\"potentialAction\":[{\"@type\":\"ReadAction\",\"target\":[\"https:\/\/fhce.eu\/product\/plc-oszto-116-ures-ki-es-bemeneti-labakkal-g657a1-1m\/\"]}]},{\"@type\":\"ImageObject\",\"inLanguage\":\"en-US\",\"@id\":\"https:\/\/fhce.eu\/product\/plc-oszto-116-ures-ki-es-bemeneti-labakkal-g657a1-1m\/#primaryimage\",\"url\":\"https:\/\/fhce.eu\/wp-content\/uploads\/2020\/09\/PLC-1_16_WO_SC.jpg\",\"contentUrl\":\"https:\/\/fhce.eu\/wp-content\/uploads\/2020\/09\/PLC-1_16_WO_SC.jpg\",\"width\":279,\"height\":180},{\"@type\":\"BreadcrumbList\",\"@id\":\"https:\/\/fhce.eu\/product\/plc-oszto-116-ures-ki-es-bemeneti-labakkal-g657a1-1m\/#breadcrumb\",\"itemListElement\":[{\"@type\":\"ListItem\",\"position\":1,\"name\":\"Home\",\"item\":\"https:\/\/fhce.eu\/en\/\"},{\"@type\":\"ListItem\",\"position\":2,\"name\":\"Catalogue\",\"item\":\"https:\/\/fhce.eu\/en\/catalogue\/\"},{\"@type\":\"ListItem\",\"position\":3,\"name\":\"PLC Splitter 1:16 with empty legs G-657A1 1m\"}]},{\"@type\":\"WebSite\",\"@id\":\"https:\/\/fhce.eu\/#website\",\"url\":\"https:\/\/fhce.eu\/\",\"name\":\"FHCE\",\"description\":\"Sz\u00e9less\u00e1von a j\u00f6v\u0151\u00e9rt\",\"publisher\":{\"@id\":\"https:\/\/fhce.eu\/#organization\"},\"potentialAction\":[{\"@type\":\"SearchAction\",\"target\":{\"@type\":\"EntryPoint\",\"urlTemplate\":\"https:\/\/fhce.eu\/?s={search_term_string}\"},\"query-input\":{\"@type\":\"PropertyValueSpecification\",\"valueRequired\":true,\"valueName\":\"search_term_string\"}}],\"inLanguage\":\"en-US\"},{\"@type\":\"Organization\",\"@id\":\"https:\/\/fhce.eu\/#organization\",\"name\":\"FHCE\",\"url\":\"https:\/\/fhce.eu\/\",\"logo\":{\"@type\":\"ImageObject\",\"inLanguage\":\"en-US\",\"@id\":\"https:\/\/fhce.eu\/#\/schema\/logo\/image\/\",\"url\":\"https:\/\/fhce.eu\/wp-content\/uploads\/2021\/04\/logo2_transparent-depositphotos-bgremover.png\",\"contentUrl\":\"https:\/\/fhce.eu\/wp-content\/uploads\/2021\/04\/logo2_transparent-depositphotos-bgremover.png\",\"width\":934,\"height\":404,\"caption\":\"FHCE\"},\"image\":{\"@id\":\"https:\/\/fhce.eu\/#\/schema\/logo\/image\/\"}}]}<\/script>\n<!-- \/ Yoast SEO Premium plugin. -->","yoast_head_json":{"title":"PLC Splitter 1:16 with empty legs G-657A1 1m &#8211; FHCE","robots":{"index":"index","follow":"follow","max-snippet":"max-snippet:-1","max-image-preview":"max-image-preview:large","max-video-preview":"max-video-preview:-1"},"canonical":"https:\/\/fhce.eu\/product\/plc-oszto-116-ures-ki-es-bemeneti-labakkal-g657a1-1m\/","og_locale":"en_US","og_type":"article","og_title":"PLC Splitter 1:16 with empty legs G-657A1 1m","og_url":"https:\/\/fhce.eu\/product\/plc-oszto-116-ures-ki-es-bemeneti-labakkal-g657a1-1m\/","og_site_name":"FHCE","article_modified_time":"2025-08-29T14:18:29+00:00","og_image":[{"width":279,"height":180,"url":"https:\/\/fhce.eu\/wp-content\/uploads\/2020\/09\/PLC-1_16_WO_SC.jpg","type":"image\/jpeg"}],"schema":{"@context":"https:\/\/schema.org","@graph":[{"@type":"WebPage","@id":"https:\/\/fhce.eu\/product\/plc-oszto-116-ures-ki-es-bemeneti-labakkal-g657a1-1m\/","url":"https:\/\/fhce.eu\/product\/plc-oszto-116-ures-ki-es-bemeneti-labakkal-g657a1-1m\/","name":"PLC Splitter 1:16 with empty legs G-657A1 1m &#8211; FHCE","isPartOf":{"@id":"https:\/\/fhce.eu\/#website"},"primaryImageOfPage":{"@id":"https:\/\/fhce.eu\/product\/plc-oszto-116-ures-ki-es-bemeneti-labakkal-g657a1-1m\/#primaryimage"},"image":{"@id":"https:\/\/fhce.eu\/product\/plc-oszto-116-ures-ki-es-bemeneti-labakkal-g657a1-1m\/#primaryimage"},"thumbnailUrl":"https:\/\/fhce.eu\/wp-content\/uploads\/2020\/09\/PLC-1_16_WO_SC.jpg","datePublished":"2020-07-08T07:49:28+00:00","dateModified":"2025-08-29T14:18:29+00:00","breadcrumb":{"@id":"https:\/\/fhce.eu\/product\/plc-oszto-116-ures-ki-es-bemeneti-labakkal-g657a1-1m\/#breadcrumb"},"inLanguage":"en-US","potentialAction":[{"@type":"ReadAction","target":["https:\/\/fhce.eu\/product\/plc-oszto-116-ures-ki-es-bemeneti-labakkal-g657a1-1m\/"]}]},{"@type":"ImageObject","inLanguage":"en-US","@id":"https:\/\/fhce.eu\/product\/plc-oszto-116-ures-ki-es-bemeneti-labakkal-g657a1-1m\/#primaryimage","url":"https:\/\/fhce.eu\/wp-content\/uploads\/2020\/09\/PLC-1_16_WO_SC.jpg","contentUrl":"https:\/\/fhce.eu\/wp-content\/uploads\/2020\/09\/PLC-1_16_WO_SC.jpg","width":279,"height":180},{"@type":"BreadcrumbList","@id":"https:\/\/fhce.eu\/product\/plc-oszto-116-ures-ki-es-bemeneti-labakkal-g657a1-1m\/#breadcrumb","itemListElement":[{"@type":"ListItem","position":1,"name":"Home","item":"https:\/\/fhce.eu\/en\/"},{"@type":"ListItem","position":2,"name":"Catalogue","item":"https:\/\/fhce.eu\/en\/catalogue\/"},{"@type":"ListItem","position":3,"name":"PLC Splitter 1:16 with empty legs G-657A1 1m"}]},{"@type":"WebSite","@id":"https:\/\/fhce.eu\/#website","url":"https:\/\/fhce.eu\/","name":"FHCE","description":"Sz\u00e9less\u00e1von a j\u00f6v\u0151\u00e9rt","publisher":{"@id":"https:\/\/fhce.eu\/#organization"},"potentialAction":[{"@type":"SearchAction","target":{"@type":"EntryPoint","urlTemplate":"https:\/\/fhce.eu\/?s={search_term_string}"},"query-input":{"@type":"PropertyValueSpecification","valueRequired":true,"valueName":"search_term_string"}}],"inLanguage":"en-US"},{"@type":"Organization","@id":"https:\/\/fhce.eu\/#organization","name":"FHCE","url":"https:\/\/fhce.eu\/","logo":{"@type":"ImageObject","inLanguage":"en-US","@id":"https:\/\/fhce.eu\/#\/schema\/logo\/image\/","url":"https:\/\/fhce.eu\/wp-content\/uploads\/2021\/04\/logo2_transparent-depositphotos-bgremover.png","contentUrl":"https:\/\/fhce.eu\/wp-content\/uploads\/2021\/04\/logo2_transparent-depositphotos-bgremover.png","width":934,"height":404,"caption":"FHCE"},"image":{"@id":"https:\/\/fhce.eu\/#\/schema\/logo\/image\/"}}]}},"_links":{"self":[{"href":"https:\/\/fhce.eu\/en\/wp-json\/wp\/v2\/product\/3292","targetHints":{"allow":["GET"]}}],"collection":[{"href":"https:\/\/fhce.eu\/en\/wp-json\/wp\/v2\/product"}],"about":[{"href":"https:\/\/fhce.eu\/en\/wp-json\/wp\/v2\/types\/product"}],"version-history":[{"count":5,"href":"https:\/\/fhce.eu\/en\/wp-json\/wp\/v2\/product\/3292\/revisions"}],"predecessor-version":[{"id":9049,"href":"https:\/\/fhce.eu\/en\/wp-json\/wp\/v2\/product\/3292\/revisions\/9049"}],"wp:featuredmedia":[{"embeddable":true,"href":"https:\/\/fhce.eu\/en\/wp-json\/wp\/v2\/media\/3412"}],"wp:attachment":[{"href":"https:\/\/fhce.eu\/en\/wp-json\/wp\/v2\/media?parent=3292"}],"wp:term":[{"taxonomy":"product_brand","embeddable":true,"href":"https:\/\/fhce.eu\/en\/wp-json\/wp\/v2\/product_brand?post=3292"},{"taxonomy":"product_cat","embeddable":true,"href":"https:\/\/fhce.eu\/en\/wp-json\/wp\/v2\/product_cat?post=3292"},{"taxonomy":"product_tag","embeddable":true,"href":"https:\/\/fhce.eu\/en\/wp-json\/wp\/v2\/product_tag?post=3292"}],"curies":[{"name":"wp","href":"https:\/\/api.w.org\/{rel}","templated":true}]}}