{"id":2170,"date":"2025-08-21T10:45:15","date_gmt":"2025-08-21T09:45:15","guid":{"rendered":"https:\/\/fhce.eu\/termek\/sc-apc-pigtail-1m\/"},"modified":"2025-08-29T15:18:20","modified_gmt":"2025-08-29T14:18:20","slug":"sc-apc-pigtail-1m","status":"publish","type":"product","link":"https:\/\/fhce.eu\/en\/product\/sc-apc-pigtail-1m\/","title":{"rendered":"SC\/APC Pigtail 1m G652D"},"content":{"rendered":"","protected":false},"excerpt":{"rendered":"","protected":false},"featured_media":3027,"template":"","meta":{"_acf_changed":false},"product_brand":[],"product_cat":[251,248],"product_tag":[],"class_list":{"0":"post-2170","1":"product","2":"type-product","3":"status-publish","4":"has-post-thumbnail","6":"product_cat-drop-pigtail-en","7":"product_cat-optical-cables","9":"first","10":"instock","11":"purchasable","12":"product-type-simple"},"acf":[],"yoast_head":"<!-- This site is optimized with the Yoast SEO Premium plugin v27.1 (Yoast SEO v27.1.1) - https:\/\/yoast.com\/product\/yoast-seo-premium-wordpress\/ -->\n<title>SC\/APC Pigtail 1m G652D &#8211; FHCE<\/title>\n<meta name=\"robots\" content=\"index, follow, max-snippet:-1, max-image-preview:large, max-video-preview:-1\" \/>\n<link rel=\"canonical\" href=\"https:\/\/fhce.eu\/en\/product\/sc-apc-pigtail-1m\/\" \/>\n<meta property=\"og:locale\" content=\"en_US\" \/>\n<meta property=\"og:type\" content=\"article\" \/>\n<meta property=\"og:title\" content=\"SC\/APC Pigtail 1m G652D\" \/>\n<meta property=\"og:url\" content=\"https:\/\/fhce.eu\/en\/product\/sc-apc-pigtail-1m\/\" \/>\n<meta property=\"og:site_name\" content=\"FHCE\" \/>\n<meta property=\"article:modified_time\" content=\"2025-08-29T14:18:20+00:00\" \/>\n<meta property=\"og:image\" content=\"https:\/\/fhce.eu\/wp-content\/uploads\/2020\/06\/SCAPC-pigtail_2.jpg\" \/>\n\t<meta property=\"og:image:width\" content=\"497\" \/>\n\t<meta property=\"og:image:height\" content=\"335\" \/>\n\t<meta property=\"og:image:type\" content=\"image\/jpeg\" \/>\n<script type=\"application\/ld+json\" class=\"yoast-schema-graph\">{\"@context\":\"https:\/\/schema.org\",\"@graph\":[{\"@type\":\"WebPage\",\"@id\":\"https:\/\/fhce.eu\/en\/product\/sc-apc-pigtail-1m\/\",\"url\":\"https:\/\/fhce.eu\/en\/product\/sc-apc-pigtail-1m\/\",\"name\":\"SC\/APC Pigtail 1m G652D &#8211; FHCE\",\"isPartOf\":{\"@id\":\"https:\/\/fhce.eu\/#website\"},\"primaryImageOfPage\":{\"@id\":\"https:\/\/fhce.eu\/en\/product\/sc-apc-pigtail-1m\/#primaryimage\"},\"image\":{\"@id\":\"https:\/\/fhce.eu\/en\/product\/sc-apc-pigtail-1m\/#primaryimage\"},\"thumbnailUrl\":\"https:\/\/fhce.eu\/wp-content\/uploads\/2020\/06\/SCAPC-pigtail_2.jpg\",\"datePublished\":\"2025-08-21T09:45:15+00:00\",\"dateModified\":\"2025-08-29T14:18:20+00:00\",\"breadcrumb\":{\"@id\":\"https:\/\/fhce.eu\/en\/product\/sc-apc-pigtail-1m\/#breadcrumb\"},\"inLanguage\":\"en-US\",\"potentialAction\":[{\"@type\":\"ReadAction\",\"target\":[\"https:\/\/fhce.eu\/en\/product\/sc-apc-pigtail-1m\/\"]}]},{\"@type\":\"ImageObject\",\"inLanguage\":\"en-US\",\"@id\":\"https:\/\/fhce.eu\/en\/product\/sc-apc-pigtail-1m\/#primaryimage\",\"url\":\"https:\/\/fhce.eu\/wp-content\/uploads\/2020\/06\/SCAPC-pigtail_2.jpg\",\"contentUrl\":\"https:\/\/fhce.eu\/wp-content\/uploads\/2020\/06\/SCAPC-pigtail_2.jpg\",\"width\":497,\"height\":335},{\"@type\":\"BreadcrumbList\",\"@id\":\"https:\/\/fhce.eu\/en\/product\/sc-apc-pigtail-1m\/#breadcrumb\",\"itemListElement\":[{\"@type\":\"ListItem\",\"position\":1,\"name\":\"Home\",\"item\":\"https:\/\/fhce.eu\/en\/\"},{\"@type\":\"ListItem\",\"position\":2,\"name\":\"Catalogue\",\"item\":\"https:\/\/fhce.eu\/en\/catalogue\/\"},{\"@type\":\"ListItem\",\"position\":3,\"name\":\"SC\/APC Pigtail 1m G652D\"}]},{\"@type\":\"WebSite\",\"@id\":\"https:\/\/fhce.eu\/#website\",\"url\":\"https:\/\/fhce.eu\/\",\"name\":\"FHCE\",\"description\":\"Sz\u00e9less\u00e1von a j\u00f6v\u0151\u00e9rt\",\"publisher\":{\"@id\":\"https:\/\/fhce.eu\/#organization\"},\"potentialAction\":[{\"@type\":\"SearchAction\",\"target\":{\"@type\":\"EntryPoint\",\"urlTemplate\":\"https:\/\/fhce.eu\/?s={search_term_string}\"},\"query-input\":{\"@type\":\"PropertyValueSpecification\",\"valueRequired\":true,\"valueName\":\"search_term_string\"}}],\"inLanguage\":\"en-US\"},{\"@type\":\"Organization\",\"@id\":\"https:\/\/fhce.eu\/#organization\",\"name\":\"FHCE\",\"url\":\"https:\/\/fhce.eu\/\",\"logo\":{\"@type\":\"ImageObject\",\"inLanguage\":\"en-US\",\"@id\":\"https:\/\/fhce.eu\/#\/schema\/logo\/image\/\",\"url\":\"https:\/\/fhce.eu\/wp-content\/uploads\/2021\/04\/logo2_transparent-depositphotos-bgremover.png\",\"contentUrl\":\"https:\/\/fhce.eu\/wp-content\/uploads\/2021\/04\/logo2_transparent-depositphotos-bgremover.png\",\"width\":934,\"height\":404,\"caption\":\"FHCE\"},\"image\":{\"@id\":\"https:\/\/fhce.eu\/#\/schema\/logo\/image\/\"}}]}<\/script>\n<!-- \/ Yoast SEO Premium plugin. -->","yoast_head_json":{"title":"SC\/APC Pigtail 1m G652D &#8211; FHCE","robots":{"index":"index","follow":"follow","max-snippet":"max-snippet:-1","max-image-preview":"max-image-preview:large","max-video-preview":"max-video-preview:-1"},"canonical":"https:\/\/fhce.eu\/en\/product\/sc-apc-pigtail-1m\/","og_locale":"en_US","og_type":"article","og_title":"SC\/APC Pigtail 1m G652D","og_url":"https:\/\/fhce.eu\/en\/product\/sc-apc-pigtail-1m\/","og_site_name":"FHCE","article_modified_time":"2025-08-29T14:18:20+00:00","og_image":[{"width":497,"height":335,"url":"https:\/\/fhce.eu\/wp-content\/uploads\/2020\/06\/SCAPC-pigtail_2.jpg","type":"image\/jpeg"}],"schema":{"@context":"https:\/\/schema.org","@graph":[{"@type":"WebPage","@id":"https:\/\/fhce.eu\/en\/product\/sc-apc-pigtail-1m\/","url":"https:\/\/fhce.eu\/en\/product\/sc-apc-pigtail-1m\/","name":"SC\/APC Pigtail 1m G652D &#8211; FHCE","isPartOf":{"@id":"https:\/\/fhce.eu\/#website"},"primaryImageOfPage":{"@id":"https:\/\/fhce.eu\/en\/product\/sc-apc-pigtail-1m\/#primaryimage"},"image":{"@id":"https:\/\/fhce.eu\/en\/product\/sc-apc-pigtail-1m\/#primaryimage"},"thumbnailUrl":"https:\/\/fhce.eu\/wp-content\/uploads\/2020\/06\/SCAPC-pigtail_2.jpg","datePublished":"2025-08-21T09:45:15+00:00","dateModified":"2025-08-29T14:18:20+00:00","breadcrumb":{"@id":"https:\/\/fhce.eu\/en\/product\/sc-apc-pigtail-1m\/#breadcrumb"},"inLanguage":"en-US","potentialAction":[{"@type":"ReadAction","target":["https:\/\/fhce.eu\/en\/product\/sc-apc-pigtail-1m\/"]}]},{"@type":"ImageObject","inLanguage":"en-US","@id":"https:\/\/fhce.eu\/en\/product\/sc-apc-pigtail-1m\/#primaryimage","url":"https:\/\/fhce.eu\/wp-content\/uploads\/2020\/06\/SCAPC-pigtail_2.jpg","contentUrl":"https:\/\/fhce.eu\/wp-content\/uploads\/2020\/06\/SCAPC-pigtail_2.jpg","width":497,"height":335},{"@type":"BreadcrumbList","@id":"https:\/\/fhce.eu\/en\/product\/sc-apc-pigtail-1m\/#breadcrumb","itemListElement":[{"@type":"ListItem","position":1,"name":"Home","item":"https:\/\/fhce.eu\/en\/"},{"@type":"ListItem","position":2,"name":"Catalogue","item":"https:\/\/fhce.eu\/en\/catalogue\/"},{"@type":"ListItem","position":3,"name":"SC\/APC Pigtail 1m G652D"}]},{"@type":"WebSite","@id":"https:\/\/fhce.eu\/#website","url":"https:\/\/fhce.eu\/","name":"FHCE","description":"Sz\u00e9less\u00e1von a j\u00f6v\u0151\u00e9rt","publisher":{"@id":"https:\/\/fhce.eu\/#organization"},"potentialAction":[{"@type":"SearchAction","target":{"@type":"EntryPoint","urlTemplate":"https:\/\/fhce.eu\/?s={search_term_string}"},"query-input":{"@type":"PropertyValueSpecification","valueRequired":true,"valueName":"search_term_string"}}],"inLanguage":"en-US"},{"@type":"Organization","@id":"https:\/\/fhce.eu\/#organization","name":"FHCE","url":"https:\/\/fhce.eu\/","logo":{"@type":"ImageObject","inLanguage":"en-US","@id":"https:\/\/fhce.eu\/#\/schema\/logo\/image\/","url":"https:\/\/fhce.eu\/wp-content\/uploads\/2021\/04\/logo2_transparent-depositphotos-bgremover.png","contentUrl":"https:\/\/fhce.eu\/wp-content\/uploads\/2021\/04\/logo2_transparent-depositphotos-bgremover.png","width":934,"height":404,"caption":"FHCE"},"image":{"@id":"https:\/\/fhce.eu\/#\/schema\/logo\/image\/"}}]}},"_links":{"self":[{"href":"https:\/\/fhce.eu\/en\/wp-json\/wp\/v2\/product\/2170","targetHints":{"allow":["GET"]}}],"collection":[{"href":"https:\/\/fhce.eu\/en\/wp-json\/wp\/v2\/product"}],"about":[{"href":"https:\/\/fhce.eu\/en\/wp-json\/wp\/v2\/types\/product"}],"version-history":[{"count":1,"href":"https:\/\/fhce.eu\/en\/wp-json\/wp\/v2\/product\/2170\/revisions"}],"predecessor-version":[{"id":5866,"href":"https:\/\/fhce.eu\/en\/wp-json\/wp\/v2\/product\/2170\/revisions\/5866"}],"wp:featuredmedia":[{"embeddable":true,"href":"https:\/\/fhce.eu\/en\/wp-json\/wp\/v2\/media\/3027"}],"wp:attachment":[{"href":"https:\/\/fhce.eu\/en\/wp-json\/wp\/v2\/media?parent=2170"}],"wp:term":[{"taxonomy":"product_brand","embeddable":true,"href":"https:\/\/fhce.eu\/en\/wp-json\/wp\/v2\/product_brand?post=2170"},{"taxonomy":"product_cat","embeddable":true,"href":"https:\/\/fhce.eu\/en\/wp-json\/wp\/v2\/product_cat?post=2170"},{"taxonomy":"product_tag","embeddable":true,"href":"https:\/\/fhce.eu\/en\/wp-json\/wp\/v2\/product_tag?post=2170"}],"curies":[{"name":"wp","href":"https:\/\/api.w.org\/{rel}","templated":true}]}}