{"id":2105,"date":"2020-06-09T17:11:17","date_gmt":"2020-06-09T16:11:17","guid":{"rendered":"https:\/\/fhce.eu\/termek\/a-dqt2y8x12-g652d-adss-leg-5500n\/"},"modified":"2025-08-29T15:17:59","modified_gmt":"2025-08-29T14:17:59","slug":"a-dqt2y8x12-g652d-adss-leg-5500n","status":"publish","type":"product","link":"https:\/\/fhce.eu\/en\/product\/a-dqt2y8x12-g652d-adss-leg-5500n\/","title":{"rendered":"ADSS Optical Fiber Cable 8&#215;12-G.652D 150m span"},"content":{"rendered":"","protected":false},"excerpt":{"rendered":"<p><a href=\"https:\/\/fhce.eu\/wp-content\/uploads\/2019\/09\/ADSS-Optical-Cable-150m-span-20190924_FHCE_EN-min.pdf\">Adatlap megnyit\u00e1sa<\/a><\/p>\n","protected":false},"featured_media":1321,"template":"","meta":{"_acf_changed":false},"product_brand":[],"product_cat":[250,248],"product_tag":[],"class_list":{"0":"post-2105","1":"product","2":"type-product","3":"status-publish","4":"has-post-thumbnail","6":"product_cat-adss-aerial-optical-cables","7":"product_cat-optical-cables","9":"first","10":"instock","11":"purchasable","12":"product-type-simple"},"acf":[],"yoast_head":"<!-- This site is optimized with the Yoast SEO Premium plugin v27.1 (Yoast SEO v27.1.1) - https:\/\/yoast.com\/product\/yoast-seo-premium-wordpress\/ -->\n<title>ADSS Optical Fiber Cable 8x12-G.652D 150m span &#8211; FHCE<\/title>\n<meta name=\"robots\" content=\"index, follow, max-snippet:-1, max-image-preview:large, max-video-preview:-1\" \/>\n<link rel=\"canonical\" href=\"https:\/\/fhce.eu\/product\/a-dqt2y8x12-g652d-adss-leg-5500n\/\" \/>\n<meta property=\"og:locale\" content=\"en_US\" \/>\n<meta property=\"og:type\" content=\"article\" \/>\n<meta property=\"og:title\" content=\"ADSS Optical Fiber Cable 8x12-G.652D 150m span\" \/>\n<meta property=\"og:description\" content=\"Adatlap megnyit\u00e1sa\" \/>\n<meta property=\"og:url\" content=\"https:\/\/fhce.eu\/product\/a-dqt2y8x12-g652d-adss-leg-5500n\/\" \/>\n<meta property=\"og:site_name\" content=\"FHCE\" \/>\n<meta property=\"article:modified_time\" content=\"2025-08-29T14:17:59+00:00\" \/>\n<meta property=\"og:image\" content=\"https:\/\/fhce.eu\/wp-content\/uploads\/2019\/09\/ADSS_150_220.jpg\" \/>\n\t<meta property=\"og:image:width\" content=\"154\" \/>\n\t<meta property=\"og:image:height\" content=\"154\" \/>\n\t<meta property=\"og:image:type\" content=\"image\/jpeg\" \/>\n<script type=\"application\/ld+json\" class=\"yoast-schema-graph\">{\"@context\":\"https:\/\/schema.org\",\"@graph\":[{\"@type\":\"WebPage\",\"@id\":\"https:\/\/fhce.eu\/product\/a-dqt2y8x12-g652d-adss-leg-5500n\/\",\"url\":\"https:\/\/fhce.eu\/product\/a-dqt2y8x12-g652d-adss-leg-5500n\/\",\"name\":\"ADSS Optical Fiber Cable 8x12-G.652D 150m span &#8211; FHCE\",\"isPartOf\":{\"@id\":\"https:\/\/fhce.eu\/#website\"},\"primaryImageOfPage\":{\"@id\":\"https:\/\/fhce.eu\/product\/a-dqt2y8x12-g652d-adss-leg-5500n\/#primaryimage\"},\"image\":{\"@id\":\"https:\/\/fhce.eu\/product\/a-dqt2y8x12-g652d-adss-leg-5500n\/#primaryimage\"},\"thumbnailUrl\":\"https:\/\/fhce.eu\/wp-content\/uploads\/2019\/09\/ADSS_150_220.jpg\",\"datePublished\":\"2020-06-09T16:11:17+00:00\",\"dateModified\":\"2025-08-29T14:17:59+00:00\",\"breadcrumb\":{\"@id\":\"https:\/\/fhce.eu\/product\/a-dqt2y8x12-g652d-adss-leg-5500n\/#breadcrumb\"},\"inLanguage\":\"en-US\",\"potentialAction\":[{\"@type\":\"ReadAction\",\"target\":[\"https:\/\/fhce.eu\/product\/a-dqt2y8x12-g652d-adss-leg-5500n\/\"]}]},{\"@type\":\"ImageObject\",\"inLanguage\":\"en-US\",\"@id\":\"https:\/\/fhce.eu\/product\/a-dqt2y8x12-g652d-adss-leg-5500n\/#primaryimage\",\"url\":\"https:\/\/fhce.eu\/wp-content\/uploads\/2019\/09\/ADSS_150_220.jpg\",\"contentUrl\":\"https:\/\/fhce.eu\/wp-content\/uploads\/2019\/09\/ADSS_150_220.jpg\",\"width\":154,\"height\":154},{\"@type\":\"BreadcrumbList\",\"@id\":\"https:\/\/fhce.eu\/product\/a-dqt2y8x12-g652d-adss-leg-5500n\/#breadcrumb\",\"itemListElement\":[{\"@type\":\"ListItem\",\"position\":1,\"name\":\"Home\",\"item\":\"https:\/\/fhce.eu\/en\/\"},{\"@type\":\"ListItem\",\"position\":2,\"name\":\"Catalogue\",\"item\":\"https:\/\/fhce.eu\/en\/catalogue\/\"},{\"@type\":\"ListItem\",\"position\":3,\"name\":\"ADSS Optical Fiber Cable 8&#215;12-G.652D 150m span\"}]},{\"@type\":\"WebSite\",\"@id\":\"https:\/\/fhce.eu\/#website\",\"url\":\"https:\/\/fhce.eu\/\",\"name\":\"FHCE\",\"description\":\"Sz\u00e9less\u00e1von a j\u00f6v\u0151\u00e9rt\",\"publisher\":{\"@id\":\"https:\/\/fhce.eu\/#organization\"},\"potentialAction\":[{\"@type\":\"SearchAction\",\"target\":{\"@type\":\"EntryPoint\",\"urlTemplate\":\"https:\/\/fhce.eu\/?s={search_term_string}\"},\"query-input\":{\"@type\":\"PropertyValueSpecification\",\"valueRequired\":true,\"valueName\":\"search_term_string\"}}],\"inLanguage\":\"en-US\"},{\"@type\":\"Organization\",\"@id\":\"https:\/\/fhce.eu\/#organization\",\"name\":\"FHCE\",\"url\":\"https:\/\/fhce.eu\/\",\"logo\":{\"@type\":\"ImageObject\",\"inLanguage\":\"en-US\",\"@id\":\"https:\/\/fhce.eu\/#\/schema\/logo\/image\/\",\"url\":\"https:\/\/fhce.eu\/wp-content\/uploads\/2021\/04\/logo2_transparent-depositphotos-bgremover.png\",\"contentUrl\":\"https:\/\/fhce.eu\/wp-content\/uploads\/2021\/04\/logo2_transparent-depositphotos-bgremover.png\",\"width\":934,\"height\":404,\"caption\":\"FHCE\"},\"image\":{\"@id\":\"https:\/\/fhce.eu\/#\/schema\/logo\/image\/\"}}]}<\/script>\n<!-- \/ Yoast SEO Premium plugin. -->","yoast_head_json":{"title":"ADSS Optical Fiber Cable 8x12-G.652D 150m span &#8211; FHCE","robots":{"index":"index","follow":"follow","max-snippet":"max-snippet:-1","max-image-preview":"max-image-preview:large","max-video-preview":"max-video-preview:-1"},"canonical":"https:\/\/fhce.eu\/product\/a-dqt2y8x12-g652d-adss-leg-5500n\/","og_locale":"en_US","og_type":"article","og_title":"ADSS Optical Fiber Cable 8x12-G.652D 150m span","og_description":"Adatlap megnyit\u00e1sa","og_url":"https:\/\/fhce.eu\/product\/a-dqt2y8x12-g652d-adss-leg-5500n\/","og_site_name":"FHCE","article_modified_time":"2025-08-29T14:17:59+00:00","og_image":[{"width":154,"height":154,"url":"https:\/\/fhce.eu\/wp-content\/uploads\/2019\/09\/ADSS_150_220.jpg","type":"image\/jpeg"}],"schema":{"@context":"https:\/\/schema.org","@graph":[{"@type":"WebPage","@id":"https:\/\/fhce.eu\/product\/a-dqt2y8x12-g652d-adss-leg-5500n\/","url":"https:\/\/fhce.eu\/product\/a-dqt2y8x12-g652d-adss-leg-5500n\/","name":"ADSS Optical Fiber Cable 8x12-G.652D 150m span &#8211; FHCE","isPartOf":{"@id":"https:\/\/fhce.eu\/#website"},"primaryImageOfPage":{"@id":"https:\/\/fhce.eu\/product\/a-dqt2y8x12-g652d-adss-leg-5500n\/#primaryimage"},"image":{"@id":"https:\/\/fhce.eu\/product\/a-dqt2y8x12-g652d-adss-leg-5500n\/#primaryimage"},"thumbnailUrl":"https:\/\/fhce.eu\/wp-content\/uploads\/2019\/09\/ADSS_150_220.jpg","datePublished":"2020-06-09T16:11:17+00:00","dateModified":"2025-08-29T14:17:59+00:00","breadcrumb":{"@id":"https:\/\/fhce.eu\/product\/a-dqt2y8x12-g652d-adss-leg-5500n\/#breadcrumb"},"inLanguage":"en-US","potentialAction":[{"@type":"ReadAction","target":["https:\/\/fhce.eu\/product\/a-dqt2y8x12-g652d-adss-leg-5500n\/"]}]},{"@type":"ImageObject","inLanguage":"en-US","@id":"https:\/\/fhce.eu\/product\/a-dqt2y8x12-g652d-adss-leg-5500n\/#primaryimage","url":"https:\/\/fhce.eu\/wp-content\/uploads\/2019\/09\/ADSS_150_220.jpg","contentUrl":"https:\/\/fhce.eu\/wp-content\/uploads\/2019\/09\/ADSS_150_220.jpg","width":154,"height":154},{"@type":"BreadcrumbList","@id":"https:\/\/fhce.eu\/product\/a-dqt2y8x12-g652d-adss-leg-5500n\/#breadcrumb","itemListElement":[{"@type":"ListItem","position":1,"name":"Home","item":"https:\/\/fhce.eu\/en\/"},{"@type":"ListItem","position":2,"name":"Catalogue","item":"https:\/\/fhce.eu\/en\/catalogue\/"},{"@type":"ListItem","position":3,"name":"ADSS Optical Fiber Cable 8&#215;12-G.652D 150m span"}]},{"@type":"WebSite","@id":"https:\/\/fhce.eu\/#website","url":"https:\/\/fhce.eu\/","name":"FHCE","description":"Sz\u00e9less\u00e1von a j\u00f6v\u0151\u00e9rt","publisher":{"@id":"https:\/\/fhce.eu\/#organization"},"potentialAction":[{"@type":"SearchAction","target":{"@type":"EntryPoint","urlTemplate":"https:\/\/fhce.eu\/?s={search_term_string}"},"query-input":{"@type":"PropertyValueSpecification","valueRequired":true,"valueName":"search_term_string"}}],"inLanguage":"en-US"},{"@type":"Organization","@id":"https:\/\/fhce.eu\/#organization","name":"FHCE","url":"https:\/\/fhce.eu\/","logo":{"@type":"ImageObject","inLanguage":"en-US","@id":"https:\/\/fhce.eu\/#\/schema\/logo\/image\/","url":"https:\/\/fhce.eu\/wp-content\/uploads\/2021\/04\/logo2_transparent-depositphotos-bgremover.png","contentUrl":"https:\/\/fhce.eu\/wp-content\/uploads\/2021\/04\/logo2_transparent-depositphotos-bgremover.png","width":934,"height":404,"caption":"FHCE"},"image":{"@id":"https:\/\/fhce.eu\/#\/schema\/logo\/image\/"}}]}},"_links":{"self":[{"href":"https:\/\/fhce.eu\/en\/wp-json\/wp\/v2\/product\/2105","targetHints":{"allow":["GET"]}}],"collection":[{"href":"https:\/\/fhce.eu\/en\/wp-json\/wp\/v2\/product"}],"about":[{"href":"https:\/\/fhce.eu\/en\/wp-json\/wp\/v2\/types\/product"}],"version-history":[{"count":5,"href":"https:\/\/fhce.eu\/en\/wp-json\/wp\/v2\/product\/2105\/revisions"}],"predecessor-version":[{"id":9001,"href":"https:\/\/fhce.eu\/en\/wp-json\/wp\/v2\/product\/2105\/revisions\/9001"}],"wp:featuredmedia":[{"embeddable":true,"href":"https:\/\/fhce.eu\/en\/wp-json\/wp\/v2\/media\/1321"}],"wp:attachment":[{"href":"https:\/\/fhce.eu\/en\/wp-json\/wp\/v2\/media?parent=2105"}],"wp:term":[{"taxonomy":"product_brand","embeddable":true,"href":"https:\/\/fhce.eu\/en\/wp-json\/wp\/v2\/product_brand?post=2105"},{"taxonomy":"product_cat","embeddable":true,"href":"https:\/\/fhce.eu\/en\/wp-json\/wp\/v2\/product_cat?post=2105"},{"taxonomy":"product_tag","embeddable":true,"href":"https:\/\/fhce.eu\/en\/wp-json\/wp\/v2\/product_tag?post=2105"}],"curies":[{"name":"wp","href":"https:\/\/api.w.org\/{rel}","templated":true}]}}