{"id":7657,"date":"2025-08-09T01:17:58","date_gmt":"2025-08-09T00:17:58","guid":{"rendered":"https:\/\/fhce.eu\/about-us-2\/"},"modified":"2025-08-09T03:24:16","modified_gmt":"2025-08-09T02:24:16","slug":"about-us","status":"publish","type":"page","link":"https:\/\/fhce.eu\/en\/about-us\/","title":{"rendered":"About Us"},"content":{"rendered":"\t\t<div data-elementor-type=\"wp-page\" data-elementor-id=\"7657\" class=\"elementor elementor-7657 elementor-7298\" data-elementor-post-type=\"page\">\n\t\t\t\t\t\t<section class=\"elementor-section elementor-top-section elementor-element elementor-element-918e4a8 elementor-section-boxed elementor-section-height-default elementor-section-height-default\" data-id=\"918e4a8\" data-element_type=\"section\" data-e-type=\"section\">\n\t\t\t\t\t\t<div class=\"elementor-container elementor-column-gap-default\">\n\t\t\t\t\t<div class=\"elementor-column elementor-col-100 elementor-top-column elementor-element elementor-element-9d5836b\" data-id=\"9d5836b\" data-element_type=\"column\" data-e-type=\"column\">\n\t\t\t<div class=\"elementor-widget-wrap elementor-element-populated\">\n\t\t\t\t\t\t<div class=\"elementor-element elementor-element-7872153 animated-slow elementor-invisible elementor-widget elementor-widget-heading\" data-id=\"7872153\" data-element_type=\"widget\" data-e-type=\"widget\" data-settings=\"{&quot;_animation&quot;:&quot;fadeInUp&quot;}\" data-widget_type=\"heading.default\">\n\t\t\t\t<div class=\"elementor-widget-container\">\n\t\t\t\t\t<h2 class=\"elementor-heading-title elementor-size-default\">ICT distribution with fast delivery and exceptional flexibility<\/h2>\t\t\t\t<\/div>\n\t\t\t\t<\/div>\n\t\t\t\t<div class=\"elementor-element elementor-element-4f7caad animated-slow elementor-invisible elementor-widget elementor-widget-heading\" data-id=\"4f7caad\" data-element_type=\"widget\" data-e-type=\"widget\" data-settings=\"{&quot;_animation&quot;:&quot;fadeInUp&quot;,&quot;_animation_delay&quot;:250}\" data-widget_type=\"heading.default\">\n\t\t\t\t<div class=\"elementor-widget-container\">\n\t\t\t\t\t<h4 class=\"elementor-heading-title elementor-size-default\">A leading FTTx product distributor in Central and Eastern Europe since 2014<\/h4>\t\t\t\t<\/div>\n\t\t\t\t<\/div>\n\t\t\t\t\t<\/div>\n\t\t<\/div>\n\t\t\t\t\t<\/div>\n\t\t<\/section>\n\t\t\t\t<section class=\"elementor-section elementor-top-section elementor-element elementor-element-5da69047 elementor-section-boxed elementor-section-height-default elementor-section-height-default\" data-id=\"5da69047\" data-element_type=\"section\" data-e-type=\"section\" data-settings=\"{&quot;background_background&quot;:&quot;classic&quot;}\">\n\t\t\t\t\t\t<div class=\"elementor-container elementor-column-gap-default\">\n\t\t\t\t\t<div class=\"elementor-column elementor-col-50 elementor-top-column elementor-element elementor-element-b78bbb6\" data-id=\"b78bbb6\" data-element_type=\"column\" data-e-type=\"column\">\n\t\t\t<div class=\"elementor-widget-wrap elementor-element-populated\">\n\t\t\t\t\t\t<div class=\"elementor-element elementor-element-10e965ee animated-slow elementor-hidden-desktop elementor-hidden-tablet elementor-invisible elementor-widget elementor-widget-image\" data-id=\"10e965ee\" data-element_type=\"widget\" data-e-type=\"widget\" data-settings=\"{&quot;_animation&quot;:&quot;fadeInUp&quot;,&quot;_animation_delay&quot;:1000}\" data-widget_type=\"image.default\">\n\t\t\t\t<div class=\"elementor-widget-container\">\n\t\t\t\t\t\t\t\t\t\t\t\t\t\t\t<img fetchpriority=\"high\" decoding=\"async\" width=\"1920\" height=\"1280\" src=\"https:\/\/fhce.eu\/wp-content\/uploads\/2025\/06\/fhce-expert.jpg\" class=\"attachment-full size-full wp-image-6936\" alt=\"\" srcset=\"https:\/\/fhce.eu\/wp-content\/uploads\/2025\/06\/fhce-expert.jpg 1920w, https:\/\/fhce.eu\/wp-content\/uploads\/2025\/06\/fhce-expert-300x200.jpg 300w, https:\/\/fhce.eu\/wp-content\/uploads\/2025\/06\/fhce-expert-1024x683.jpg 1024w, https:\/\/fhce.eu\/wp-content\/uploads\/2025\/06\/fhce-expert-768x512.jpg 768w, https:\/\/fhce.eu\/wp-content\/uploads\/2025\/06\/fhce-expert-1536x1024.jpg 1536w, https:\/\/fhce.eu\/wp-content\/uploads\/2025\/06\/fhce-expert-600x400.jpg 600w\" sizes=\"(max-width: 1920px) 100vw, 1920px\" \/>\t\t\t\t\t\t\t\t\t\t\t\t\t\t\t<\/div>\n\t\t\t\t<\/div>\n\t\t\t\t<div class=\"elementor-element elementor-element-fa027fe animated-slow elementor-invisible elementor-widget elementor-widget-text-editor\" data-id=\"fa027fe\" data-element_type=\"widget\" data-e-type=\"widget\" data-settings=\"{&quot;_animation&quot;:&quot;fadeInUp&quot;,&quot;_animation_delay&quot;:750}\" data-widget_type=\"text-editor.default\">\n\t\t\t\t<div class=\"elementor-widget-container\">\n\t\t\t\t\t\t\t\t\t<p>FHCE Telecommunications Founded in 2014 with the aim of providing professional service to players in the ICT sector. Over the years, our company has become a leading distributor in the Central and Eastern European region, with a special focus on passive network components for FTTx technologies.<\/p><p>Our product range focuses on reliable, high-quality equipment such as optical drop cables, aerial and micro cables, closures, fittings, and other accessories. Our success has been built on partner feedback, a stable logistics background, and personalized service.<\/p><p>Our mission is to combine speed, flexibility, and professional support to always provide the best solution for our partners.<\/p>\t\t\t\t\t\t\t\t<\/div>\n\t\t\t\t<\/div>\n\t\t\t\t\t<\/div>\n\t\t<\/div>\n\t\t\t\t<div class=\"elementor-column elementor-col-50 elementor-top-column elementor-element elementor-element-5f6f02f3 elementor-hidden-mobile\" data-id=\"5f6f02f3\" data-element_type=\"column\" data-e-type=\"column\">\n\t\t\t<div class=\"elementor-widget-wrap elementor-element-populated\">\n\t\t\t\t\t\t<div class=\"elementor-element elementor-element-4f37a455 animated-slow elementor-invisible elementor-widget elementor-widget-image\" data-id=\"4f37a455\" data-element_type=\"widget\" data-e-type=\"widget\" data-settings=\"{&quot;_animation&quot;:&quot;fadeInUp&quot;,&quot;_animation_delay&quot;:1000}\" data-widget_type=\"image.default\">\n\t\t\t\t<div class=\"elementor-widget-container\">\n\t\t\t\t\t\t\t\t\t\t\t\t\t\t\t<img fetchpriority=\"high\" decoding=\"async\" width=\"1920\" height=\"1280\" src=\"https:\/\/fhce.eu\/wp-content\/uploads\/2025\/06\/fhce-expert.jpg\" class=\"attachment-full size-full wp-image-6936\" alt=\"\" srcset=\"https:\/\/fhce.eu\/wp-content\/uploads\/2025\/06\/fhce-expert.jpg 1920w, https:\/\/fhce.eu\/wp-content\/uploads\/2025\/06\/fhce-expert-300x200.jpg 300w, https:\/\/fhce.eu\/wp-content\/uploads\/2025\/06\/fhce-expert-1024x683.jpg 1024w, https:\/\/fhce.eu\/wp-content\/uploads\/2025\/06\/fhce-expert-768x512.jpg 768w, https:\/\/fhce.eu\/wp-content\/uploads\/2025\/06\/fhce-expert-1536x1024.jpg 1536w, https:\/\/fhce.eu\/wp-content\/uploads\/2025\/06\/fhce-expert-600x400.jpg 600w\" sizes=\"(max-width: 1920px) 100vw, 1920px\" \/>\t\t\t\t\t\t\t\t\t\t\t\t\t\t\t<\/div>\n\t\t\t\t<\/div>\n\t\t\t\t\t<\/div>\n\t\t<\/div>\n\t\t\t\t\t<\/div>\n\t\t<\/section>\n\t\t\t\t<section class=\"elementor-section elementor-top-section elementor-element elementor-element-3db5c2f4 elementor-section-boxed elementor-section-height-default elementor-section-height-default\" data-id=\"3db5c2f4\" data-element_type=\"section\" data-e-type=\"section\" data-settings=\"{&quot;background_background&quot;:&quot;classic&quot;}\">\n\t\t\t\t\t\t<div class=\"elementor-container elementor-column-gap-default\">\n\t\t\t\t\t<div class=\"elementor-column elementor-col-50 elementor-top-column elementor-element elementor-element-119ec802\" data-id=\"119ec802\" data-element_type=\"column\" data-e-type=\"column\">\n\t\t\t<div class=\"elementor-widget-wrap elementor-element-populated\">\n\t\t\t\t\t\t<div class=\"elementor-element elementor-element-699b3501 animated-slow elementor-invisible elementor-widget elementor-widget-image\" data-id=\"699b3501\" data-element_type=\"widget\" data-e-type=\"widget\" data-settings=\"{&quot;_animation&quot;:&quot;fadeInUp&quot;,&quot;_animation_delay&quot;:250}\" data-widget_type=\"image.default\">\n\t\t\t\t<div class=\"elementor-widget-container\">\n\t\t\t\t\t\t\t\t\t\t\t\t\t\t\t<img decoding=\"async\" width=\"1080\" height=\"720\" src=\"https:\/\/fhce.eu\/wp-content\/uploads\/2025\/07\/fhce-stand2.jpg\" class=\"attachment-full size-full wp-image-7331\" alt=\"\" srcset=\"https:\/\/fhce.eu\/wp-content\/uploads\/2025\/07\/fhce-stand2.jpg 1080w, https:\/\/fhce.eu\/wp-content\/uploads\/2025\/07\/fhce-stand2-300x200.jpg 300w, https:\/\/fhce.eu\/wp-content\/uploads\/2025\/07\/fhce-stand2-1024x683.jpg 1024w, https:\/\/fhce.eu\/wp-content\/uploads\/2025\/07\/fhce-stand2-768x512.jpg 768w, https:\/\/fhce.eu\/wp-content\/uploads\/2025\/07\/fhce-stand2-600x400.jpg 600w\" sizes=\"(max-width: 1080px) 100vw, 1080px\" \/>\t\t\t\t\t\t\t\t\t\t\t\t\t\t\t<\/div>\n\t\t\t\t<\/div>\n\t\t\t\t\t<\/div>\n\t\t<\/div>\n\t\t\t\t<div class=\"elementor-column elementor-col-50 elementor-top-column elementor-element elementor-element-336c0055\" data-id=\"336c0055\" data-element_type=\"column\" data-e-type=\"column\">\n\t\t\t<div class=\"elementor-widget-wrap elementor-element-populated\">\n\t\t\t\t\t\t<div class=\"elementor-element elementor-element-9071628 animated-slow elementor-invisible elementor-widget elementor-widget-text-editor\" data-id=\"9071628\" data-element_type=\"widget\" data-e-type=\"widget\" data-settings=\"{&quot;_animation&quot;:&quot;fadeInUp&quot;,&quot;_animation_delay&quot;:750}\" data-widget_type=\"text-editor.default\">\n\t\t\t\t<div class=\"elementor-widget-container\">\n\t\t\t\t\t\t\t\t\t<p>FHCE places great importance on active participation in professional communities. We are present in the ICT market not only through our products but also by continuously participating in domestic and international forums, industry events, and exhibitions.<\/p><p>This enables our clients to gain first-hand access to up-to-date information, new trends, and developments.<\/p>\t\t\t\t\t\t\t\t<\/div>\n\t\t\t\t<\/div>\n\t\t\t\t\t<\/div>\n\t\t<\/div>\n\t\t\t\t\t<\/div>\n\t\t<\/section>\n\t\t\t\t<section class=\"elementor-section elementor-top-section elementor-element elementor-element-541e154e elementor-section-boxed elementor-section-height-default elementor-section-height-default\" data-id=\"541e154e\" data-element_type=\"section\" data-e-type=\"section\">\n\t\t\t\t\t\t<div class=\"elementor-container elementor-column-gap-default\">\n\t\t\t\t\t<div class=\"elementor-column elementor-col-100 elementor-top-column elementor-element elementor-element-3dab3aaf\" data-id=\"3dab3aaf\" data-element_type=\"column\" data-e-type=\"column\">\n\t\t\t<div class=\"elementor-widget-wrap elementor-element-populated\">\n\t\t\t\t\t\t<div class=\"elementor-element elementor-element-4becbd0a animated-slow elementor-invisible elementor-widget elementor-widget-heading\" data-id=\"4becbd0a\" data-element_type=\"widget\" data-e-type=\"widget\" data-settings=\"{&quot;_animation&quot;:&quot;fadeInUp&quot;,&quot;_animation_delay&quot;:250}\" data-widget_type=\"heading.default\">\n\t\t\t\t<div class=\"elementor-widget-container\">\n\t\t\t\t\t<h2 class=\"elementor-heading-title elementor-size-default\">Our references<\/h2>\t\t\t\t<\/div>\n\t\t\t\t<\/div>\n\t\t\t\t<div class=\"elementor-element elementor-element-4a70a172 animated-slow elementor-invisible elementor-widget elementor-widget-heading\" data-id=\"4a70a172\" data-element_type=\"widget\" data-e-type=\"widget\" data-settings=\"{&quot;_animation&quot;:&quot;fadeInUp&quot;,&quot;_animation_delay&quot;:500}\" data-widget_type=\"heading.default\">\n\t\t\t\t<div class=\"elementor-widget-container\">\n\t\t\t\t\t<h2 class=\"elementor-heading-title elementor-size-default\">Those who have already chosen us<\/h2>\t\t\t\t<\/div>\n\t\t\t\t<\/div>\n\t\t\t\t<section class=\"elementor-section elementor-inner-section elementor-element elementor-element-68d934ad elementor-section-content-middle animated-slow elementor-section-boxed elementor-section-height-default elementor-section-height-default elementor-invisible\" data-id=\"68d934ad\" data-element_type=\"section\" data-e-type=\"section\" data-settings=\"{&quot;animation&quot;:&quot;fadeInUp&quot;,&quot;animation_delay&quot;:500}\">\n\t\t\t\t\t\t<div class=\"elementor-container elementor-column-gap-default\">\n\t\t\t\t\t<div class=\"elementor-column elementor-col-20 elementor-inner-column elementor-element elementor-element-7d43ea63\" data-id=\"7d43ea63\" data-element_type=\"column\" data-e-type=\"column\">\n\t\t\t<div class=\"elementor-widget-wrap elementor-element-populated\">\n\t\t\t\t\t\t<div class=\"elementor-element elementor-element-2c2a37a8 elementor-widget elementor-widget-image\" data-id=\"2c2a37a8\" data-element_type=\"widget\" data-e-type=\"widget\" data-widget_type=\"image.default\">\n\t\t\t\t<div class=\"elementor-widget-container\">\n\t\t\t\t\t\t\t\t\t\t\t\t\t\t\t<img decoding=\"async\" src=\"https:\/\/fhce.eu\/wp-content\/uploads\/elementor\/thumbs\/logo-telekom-r78uewc84xhhejx5oifhilkn0c30j8daxigylrqpko.png\" title=\"logo-telekom\" alt=\"Telekom\" class=\"elementor-animation-grow\" loading=\"lazy\" \/>\t\t\t\t\t\t\t\t\t\t\t\t\t\t\t<\/div>\n\t\t\t\t<\/div>\n\t\t\t\t\t<\/div>\n\t\t<\/div>\n\t\t\t\t<div class=\"elementor-column elementor-col-20 elementor-inner-column elementor-element elementor-element-1a41ebe8\" data-id=\"1a41ebe8\" data-element_type=\"column\" data-e-type=\"column\">\n\t\t\t<div class=\"elementor-widget-wrap elementor-element-populated\">\n\t\t\t\t\t\t<div class=\"elementor-element elementor-element-1c649ab7 elementor-widget elementor-widget-image\" data-id=\"1c649ab7\" data-element_type=\"widget\" data-e-type=\"widget\" data-widget_type=\"image.default\">\n\t\t\t\t<div class=\"elementor-widget-container\">\n\t\t\t\t\t\t\t\t\t\t\t\t\t\t\t<img decoding=\"async\" src=\"https:\/\/fhce.eu\/wp-content\/uploads\/elementor\/thumbs\/logo-mav-r78ueehax40ig0i4ei7k8w8r4qdf19e96il307qpo0.png\" title=\"logo-mav\" alt=\"M\u00c1V\" class=\"elementor-animation-grow\" loading=\"lazy\" \/>\t\t\t\t\t\t\t\t\t\t\t\t\t\t\t<\/div>\n\t\t\t\t<\/div>\n\t\t\t\t\t<\/div>\n\t\t<\/div>\n\t\t\t\t<div class=\"elementor-column elementor-col-20 elementor-inner-column elementor-element elementor-element-7f8979ee\" data-id=\"7f8979ee\" data-element_type=\"column\" data-e-type=\"column\">\n\t\t\t<div class=\"elementor-widget-wrap elementor-element-populated\">\n\t\t\t\t\t\t<div class=\"elementor-element elementor-element-34e59253 elementor-widget elementor-widget-image\" data-id=\"34e59253\" data-element_type=\"widget\" data-e-type=\"widget\" data-widget_type=\"image.default\">\n\t\t\t\t<div class=\"elementor-widget-container\">\n\t\t\t\t\t\t\t\t\t\t\t\t\t\t\t<img decoding=\"async\" src=\"https:\/\/fhce.eu\/wp-content\/uploads\/elementor\/thumbs\/logo-herceghalmi-r78ue60r9cud6s2sdm8o2ewc7lret0pnhaa0928y8m.png\" title=\"logo-herceghalmi\" alt=\"Herceghalmi\" class=\"elementor-animation-grow\" loading=\"lazy\" \/>\t\t\t\t\t\t\t\t\t\t\t\t\t\t\t<\/div>\n\t\t\t\t<\/div>\n\t\t\t\t\t<\/div>\n\t\t<\/div>\n\t\t\t\t<div class=\"elementor-column elementor-col-20 elementor-inner-column elementor-element elementor-element-5762e5a2\" data-id=\"5762e5a2\" data-element_type=\"column\" data-e-type=\"column\">\n\t\t\t<div class=\"elementor-widget-wrap elementor-element-populated\">\n\t\t\t\t\t\t<div class=\"elementor-element elementor-element-62bcc3b2 elementor-widget elementor-widget-image\" data-id=\"62bcc3b2\" data-element_type=\"widget\" data-e-type=\"widget\" data-widget_type=\"image.default\">\n\t\t\t\t<div class=\"elementor-widget-container\">\n\t\t\t\t\t\t\t\t\t\t\t\t\t\t\t<img decoding=\"async\" src=\"https:\/\/fhce.eu\/wp-content\/uploads\/elementor\/thumbs\/logo-r-kord-r78uem00hjg8o5fksb5bqsv6b5knfvh37hd9erl91o.png\" title=\"logo-r-kord\" alt=\"R-Kord\" class=\"elementor-animation-grow\" loading=\"lazy\" \/>\t\t\t\t\t\t\t\t\t\t\t\t\t\t\t<\/div>\n\t\t\t\t<\/div>\n\t\t\t\t\t<\/div>\n\t\t<\/div>\n\t\t\t\t<div class=\"elementor-column elementor-col-20 elementor-inner-column elementor-element elementor-element-3494a695\" data-id=\"3494a695\" data-element_type=\"column\" data-e-type=\"column\">\n\t\t\t<div class=\"elementor-widget-wrap elementor-element-populated\">\n\t\t\t\t\t\t<div class=\"elementor-element elementor-element-3ecbd6ae elementor-widget elementor-widget-image\" data-id=\"3ecbd6ae\" data-element_type=\"widget\" data-e-type=\"widget\" data-widget_type=\"image.default\">\n\t\t\t\t<div class=\"elementor-widget-container\">\n\t\t\t\t\t\t\t\t\t\t\t\t\t\t\t<img decoding=\"async\" src=\"https:\/\/fhce.eu\/wp-content\/uploads\/elementor\/thumbs\/logo-mavir-r78uehatomq3zvbjcw6fq7m2m8wpghpdimsppe9adi.png\" title=\"logo-mavir\" alt=\"MAVIR\" class=\"elementor-animation-grow\" loading=\"lazy\" \/>\t\t\t\t\t\t\t\t\t\t\t\t\t\t\t<\/div>\n\t\t\t\t<\/div>\n\t\t\t\t\t<\/div>\n\t\t<\/div>\n\t\t\t\t\t<\/div>\n\t\t<\/section>\n\t\t\t\t\t<\/div>\n\t\t<\/div>\n\t\t\t\t\t<\/div>\n\t\t<\/section>\n\t\t\t\t<\/div>\n\t\t","protected":false},"excerpt":{"rendered":"<p>ICT distribution with fast delivery and exceptional flexibility A leading FTTx product distributor in Central and Eastern Europe since 2014 FHCE Telecommunications Founded in 2014 with the aim of providing professional service to players in the ICT sector. Over the years, our company has become a leading distributor in the Central and Eastern European region, &#8230; <a title=\"About Us\" class=\"read-more\" href=\"https:\/\/fhce.eu\/en\/about-us\/\" aria-label=\"Read more about About Us\">Read more<\/a><\/p>\n","protected":false},"author":30,"featured_media":0,"parent":0,"menu_order":0,"comment_status":"closed","ping_status":"closed","template":"elementor_header_footer","meta":{"_acf_changed":false,"footnotes":""},"class_list":["post-7657","page","type-page","status-publish"],"acf":[],"yoast_head":"<!-- This site is optimized with the Yoast SEO Premium plugin v27.1 (Yoast SEO v27.1.1) - https:\/\/yoast.com\/product\/yoast-seo-premium-wordpress\/ -->\n<title>About Us &#8211; FHCE<\/title>\n<meta name=\"robots\" content=\"index, follow, max-snippet:-1, max-image-preview:large, max-video-preview:-1\" \/>\n<link rel=\"canonical\" href=\"https:\/\/fhce.eu\/en\/about-us\/\" \/>\n<meta property=\"og:locale\" content=\"en_US\" \/>\n<meta property=\"og:type\" content=\"article\" \/>\n<meta property=\"og:title\" content=\"About Us\" \/>\n<meta property=\"og:description\" content=\"ICT distribution with fast delivery and exceptional flexibility A leading FTTx product distributor in Central and Eastern Europe since 2014 FHCE Telecommunications Founded in 2014 with the aim of providing professional service to players in the ICT sector. Over the years, our company has become a leading distributor in the Central and Eastern European region, ... Read more\" \/>\n<meta property=\"og:url\" content=\"https:\/\/fhce.eu\/en\/about-us\/\" \/>\n<meta property=\"og:site_name\" content=\"FHCE\" \/>\n<meta property=\"article:modified_time\" content=\"2025-08-09T02:24:16+00:00\" \/>\n<meta property=\"og:image\" content=\"https:\/\/fhce.eu\/wp-content\/uploads\/2025\/06\/fhce-expert.jpg\" \/>\n<meta name=\"twitter:label1\" content=\"Est. reading time\" \/>\n\t<meta name=\"twitter:data1\" content=\"1 minute\" \/>\n<script type=\"application\/ld+json\" class=\"yoast-schema-graph\">{\"@context\":\"https:\/\/schema.org\",\"@graph\":[{\"@type\":\"WebPage\",\"@id\":\"https:\/\/fhce.eu\/en\/about-us\/\",\"url\":\"https:\/\/fhce.eu\/en\/about-us\/\",\"name\":\"About Us &#8211; FHCE\",\"isPartOf\":{\"@id\":\"https:\/\/fhce.eu\/#website\"},\"primaryImageOfPage\":{\"@id\":\"https:\/\/fhce.eu\/en\/about-us\/#primaryimage\"},\"image\":{\"@id\":\"https:\/\/fhce.eu\/en\/about-us\/#primaryimage\"},\"thumbnailUrl\":\"https:\/\/fhce.eu\/wp-content\/uploads\/2025\/06\/fhce-expert.jpg\",\"datePublished\":\"2025-08-09T00:17:58+00:00\",\"dateModified\":\"2025-08-09T02:24:16+00:00\",\"breadcrumb\":{\"@id\":\"https:\/\/fhce.eu\/en\/about-us\/#breadcrumb\"},\"inLanguage\":\"en-US\",\"potentialAction\":[{\"@type\":\"ReadAction\",\"target\":[\"https:\/\/fhce.eu\/en\/about-us\/\"]}]},{\"@type\":\"ImageObject\",\"inLanguage\":\"en-US\",\"@id\":\"https:\/\/fhce.eu\/en\/about-us\/#primaryimage\",\"url\":\"https:\/\/fhce.eu\/wp-content\/uploads\/2025\/06\/fhce-expert.jpg\",\"contentUrl\":\"https:\/\/fhce.eu\/wp-content\/uploads\/2025\/06\/fhce-expert.jpg\"},{\"@type\":\"BreadcrumbList\",\"@id\":\"https:\/\/fhce.eu\/en\/about-us\/#breadcrumb\",\"itemListElement\":[{\"@type\":\"ListItem\",\"position\":1,\"name\":\"Home\",\"item\":\"https:\/\/fhce.eu\/en\/\"},{\"@type\":\"ListItem\",\"position\":2,\"name\":\"About Us\"}]},{\"@type\":\"WebSite\",\"@id\":\"https:\/\/fhce.eu\/#website\",\"url\":\"https:\/\/fhce.eu\/\",\"name\":\"FHCE\",\"description\":\"Sz\u00e9less\u00e1von a j\u00f6v\u0151\u00e9rt\",\"publisher\":{\"@id\":\"https:\/\/fhce.eu\/#organization\"},\"potentialAction\":[{\"@type\":\"SearchAction\",\"target\":{\"@type\":\"EntryPoint\",\"urlTemplate\":\"https:\/\/fhce.eu\/?s={search_term_string}\"},\"query-input\":{\"@type\":\"PropertyValueSpecification\",\"valueRequired\":true,\"valueName\":\"search_term_string\"}}],\"inLanguage\":\"en-US\"},{\"@type\":\"Organization\",\"@id\":\"https:\/\/fhce.eu\/#organization\",\"name\":\"FHCE\",\"url\":\"https:\/\/fhce.eu\/\",\"logo\":{\"@type\":\"ImageObject\",\"inLanguage\":\"en-US\",\"@id\":\"https:\/\/fhce.eu\/#\/schema\/logo\/image\/\",\"url\":\"https:\/\/fhce.eu\/wp-content\/uploads\/2021\/04\/logo2_transparent-depositphotos-bgremover.png\",\"contentUrl\":\"https:\/\/fhce.eu\/wp-content\/uploads\/2021\/04\/logo2_transparent-depositphotos-bgremover.png\",\"width\":934,\"height\":404,\"caption\":\"FHCE\"},\"image\":{\"@id\":\"https:\/\/fhce.eu\/#\/schema\/logo\/image\/\"}}]}<\/script>\n<!-- \/ Yoast SEO Premium plugin. -->","yoast_head_json":{"title":"About Us &#8211; FHCE","robots":{"index":"index","follow":"follow","max-snippet":"max-snippet:-1","max-image-preview":"max-image-preview:large","max-video-preview":"max-video-preview:-1"},"canonical":"https:\/\/fhce.eu\/en\/about-us\/","og_locale":"en_US","og_type":"article","og_title":"About Us","og_description":"ICT distribution with fast delivery and exceptional flexibility A leading FTTx product distributor in Central and Eastern Europe since 2014 FHCE Telecommunications Founded in 2014 with the aim of providing professional service to players in the ICT sector. Over the years, our company has become a leading distributor in the Central and Eastern European region, ... Read more","og_url":"https:\/\/fhce.eu\/en\/about-us\/","og_site_name":"FHCE","article_modified_time":"2025-08-09T02:24:16+00:00","og_image":[{"url":"https:\/\/fhce.eu\/wp-content\/uploads\/2025\/06\/fhce-expert.jpg","type":"","width":"","height":""}],"twitter_misc":{"Est. reading time":"1 minute"},"schema":{"@context":"https:\/\/schema.org","@graph":[{"@type":"WebPage","@id":"https:\/\/fhce.eu\/en\/about-us\/","url":"https:\/\/fhce.eu\/en\/about-us\/","name":"About Us &#8211; FHCE","isPartOf":{"@id":"https:\/\/fhce.eu\/#website"},"primaryImageOfPage":{"@id":"https:\/\/fhce.eu\/en\/about-us\/#primaryimage"},"image":{"@id":"https:\/\/fhce.eu\/en\/about-us\/#primaryimage"},"thumbnailUrl":"https:\/\/fhce.eu\/wp-content\/uploads\/2025\/06\/fhce-expert.jpg","datePublished":"2025-08-09T00:17:58+00:00","dateModified":"2025-08-09T02:24:16+00:00","breadcrumb":{"@id":"https:\/\/fhce.eu\/en\/about-us\/#breadcrumb"},"inLanguage":"en-US","potentialAction":[{"@type":"ReadAction","target":["https:\/\/fhce.eu\/en\/about-us\/"]}]},{"@type":"ImageObject","inLanguage":"en-US","@id":"https:\/\/fhce.eu\/en\/about-us\/#primaryimage","url":"https:\/\/fhce.eu\/wp-content\/uploads\/2025\/06\/fhce-expert.jpg","contentUrl":"https:\/\/fhce.eu\/wp-content\/uploads\/2025\/06\/fhce-expert.jpg"},{"@type":"BreadcrumbList","@id":"https:\/\/fhce.eu\/en\/about-us\/#breadcrumb","itemListElement":[{"@type":"ListItem","position":1,"name":"Home","item":"https:\/\/fhce.eu\/en\/"},{"@type":"ListItem","position":2,"name":"About Us"}]},{"@type":"WebSite","@id":"https:\/\/fhce.eu\/#website","url":"https:\/\/fhce.eu\/","name":"FHCE","description":"Sz\u00e9less\u00e1von a j\u00f6v\u0151\u00e9rt","publisher":{"@id":"https:\/\/fhce.eu\/#organization"},"potentialAction":[{"@type":"SearchAction","target":{"@type":"EntryPoint","urlTemplate":"https:\/\/fhce.eu\/?s={search_term_string}"},"query-input":{"@type":"PropertyValueSpecification","valueRequired":true,"valueName":"search_term_string"}}],"inLanguage":"en-US"},{"@type":"Organization","@id":"https:\/\/fhce.eu\/#organization","name":"FHCE","url":"https:\/\/fhce.eu\/","logo":{"@type":"ImageObject","inLanguage":"en-US","@id":"https:\/\/fhce.eu\/#\/schema\/logo\/image\/","url":"https:\/\/fhce.eu\/wp-content\/uploads\/2021\/04\/logo2_transparent-depositphotos-bgremover.png","contentUrl":"https:\/\/fhce.eu\/wp-content\/uploads\/2021\/04\/logo2_transparent-depositphotos-bgremover.png","width":934,"height":404,"caption":"FHCE"},"image":{"@id":"https:\/\/fhce.eu\/#\/schema\/logo\/image\/"}}]}},"_links":{"self":[{"href":"https:\/\/fhce.eu\/en\/wp-json\/wp\/v2\/pages\/7657","targetHints":{"allow":["GET"]}}],"collection":[{"href":"https:\/\/fhce.eu\/en\/wp-json\/wp\/v2\/pages"}],"about":[{"href":"https:\/\/fhce.eu\/en\/wp-json\/wp\/v2\/types\/page"}],"author":[{"embeddable":true,"href":"https:\/\/fhce.eu\/en\/wp-json\/wp\/v2\/users\/30"}],"replies":[{"embeddable":true,"href":"https:\/\/fhce.eu\/en\/wp-json\/wp\/v2\/comments?post=7657"}],"version-history":[{"count":4,"href":"https:\/\/fhce.eu\/en\/wp-json\/wp\/v2\/pages\/7657\/revisions"}],"predecessor-version":[{"id":7689,"href":"https:\/\/fhce.eu\/en\/wp-json\/wp\/v2\/pages\/7657\/revisions\/7689"}],"wp:attachment":[{"href":"https:\/\/fhce.eu\/en\/wp-json\/wp\/v2\/media?parent=7657"}],"curies":[{"name":"wp","href":"https:\/\/api.w.org\/{rel}","templated":true}]}}