{"id":3636,"date":"2020-11-27T02:30:10","date_gmt":"2020-11-27T01:30:10","guid":{"rendered":"https:\/\/fhce.eu\/privacy-policy\/"},"modified":"2020-11-27T02:30:11","modified_gmt":"2020-11-27T01:30:11","slug":"privacy-policy","status":"publish","type":"page","link":"https:\/\/fhce.eu\/en\/privacy-policy\/","title":{"rendered":"Privacy policy"},"content":{"rendered":"\t\t<div data-elementor-type=\"wp-page\" data-elementor-id=\"3636\" class=\"elementor elementor-3636 elementor-3628\" data-elementor-post-type=\"page\">\n\t\t\t\t\t\t<section class=\"elementor-section elementor-top-section elementor-element elementor-element-c03ca5c elementor-section-boxed elementor-section-height-default elementor-section-height-default\" data-id=\"c03ca5c\" data-element_type=\"section\" data-e-type=\"section\">\n\t\t\t\t\t\t<div class=\"elementor-container elementor-column-gap-default\">\n\t\t\t\t\t<div class=\"elementor-column elementor-col-100 elementor-top-column elementor-element elementor-element-93cc1f1\" data-id=\"93cc1f1\" data-element_type=\"column\" data-e-type=\"column\">\n\t\t\t<div class=\"elementor-widget-wrap elementor-element-populated\">\n\t\t\t\t\t\t<div class=\"elementor-element elementor-element-cb6c833 elementor-widget elementor-widget-text-editor\" data-id=\"cb6c833\" data-element_type=\"widget\" data-e-type=\"widget\" data-widget_type=\"text-editor.default\">\n\t\t\t\t<div class=\"elementor-widget-container\">\n\t\t\t\t\t\t\t\t\t<p>ENG<br \/>\nLorem ipsum dolor sit amet, consectetur adipiscing elit. Praesent sit amet accumsan tortor. Aenean dapibus nunc metus, ut varius tellus consequat vel. Proin et lorem aliquet, convallis erat condimentum, rhoncus neque. Etiam mollis, nisl eu sollicitudin lacinia, mi leo sagittis nibh, et feugiat erat ante ut quam. Nunc vehicula enim justo, euismod consectetur nunc blandit nec. Morbi varius sed nisl sagittis bibendum. Sed fermentum blandit sagittis. Ut ornare, ipsum eget luctus ornare, velit erat tempor eros, ac rutrum quam orci vel lacus. Vestibulum et diam sit amet ipsum rhoncus facilisis sed posuere odio. Suspendisse sit amet euismod enim. Morbi commodo molestie turpis aliquam venenatis. Morbi ut pretium orci, eget consequat velit. In hac habitasse platea dictumst. Maecenas tristique mollis auctor. Nam mollis interdum pulvinar. Mauris ullamcorper quam et enim auctor placerat.<\/p>\n<p>Cras placerat rhoncus neque, vitae aliquet libero tempus id. Curabitur sit amet ex ac justo vehicula molestie. Class aptent taciti sociosqu ad litora torquent per conubia nostra, per inceptos himenaeos. Pellentesque molestie sapien ipsum, in lacinia justo scelerisque sit amet. Duis ante enim, imperdiet in magna sed, hendrerit mattis leo. Proin eu feugiat est. Nunc non pharetra ligula. Praesent est mauris, lacinia eu tristique in, sodales ac diam. Duis hendrerit lobortis ipsum vitae ultricies.<\/p>\n<p>In pretium id orci at dignissim. Morbi tortor sapien, consequat tempor massa sit amet, ullamcorper cursus eros. Fusce volutpat est id turpis gravida fermentum a in erat. Sed quis scelerisque eros, sit amet facilisis dolor. Phasellus at augue quam. Donec egestas turpis ac facilisis elementum. Donec faucibus tristique cursus. Quisque a quam sit amet urna malesuada lobortis sed eu ante.<\/p>\n<p>Maecenas finibus arcu placerat nisi molestie pulvinar. Ut feugiat lectus vel ante malesuada, ultrices pulvinar risus aliquam. Orci varius natoque penatibus et magnis dis parturient montes, nascetur ridiculus mus. Morbi dolor neque, consectetur id eros vitae, facilisis hendrerit ante. Vivamus lacinia nisl a laoreet dignissim. Curabitur semper vestibulum vulputate. Curabitur sagittis rutrum ipsum, in tempor neque.<\/p>\n<p>Integer aliquet odio justo, sed tempor justo venenatis eget. Nullam vel risus commodo, vulputate risus sit amet, semper dui. Integer quis ligula accumsan, efficitur mauris facilisis, pharetra metus. Integer mollis, odio ac finibus posuere, elit lectus ultrices nulla, quis tempor nisl mi ut neque. Ut in consequat felis, vel volutpat lectus. Vivamus ac egestas mauris, in tempor eros. Morbi semper finibus mi, id consectetur orci pellentesque sit amet. Suspendisse vel lobortis mauris. Quisque tincidunt metus quis eros pulvinar dignissim. Duis faucibus ultricies tincidunt.<\/p>\n\t\t\t\t\t\t\t\t<\/div>\n\t\t\t\t<\/div>\n\t\t\t\t\t<\/div>\n\t\t<\/div>\n\t\t\t\t\t<\/div>\n\t\t<\/section>\n\t\t\t\t<\/div>\n\t\t","protected":false},"excerpt":{"rendered":"<p>ENG Lorem ipsum dolor sit amet, consectetur adipiscing elit. Praesent sit amet accumsan tortor. Aenean dapibus nunc metus, ut varius tellus consequat vel. Proin et lorem aliquet, convallis erat condimentum, rhoncus neque. Etiam mollis, nisl eu sollicitudin lacinia, mi leo sagittis nibh, et feugiat erat ante ut quam. Nunc vehicula enim justo, euismod consectetur nunc &#8230; <a title=\"Privacy policy\" class=\"read-more\" href=\"https:\/\/fhce.eu\/en\/privacy-policy\/\" aria-label=\"Read more about Privacy policy\">Read more<\/a><\/p>\n","protected":false},"author":6,"featured_media":0,"parent":0,"menu_order":0,"comment_status":"closed","ping_status":"closed","template":"elementor_header_footer","meta":{"_acf_changed":false,"footnotes":""},"class_list":["post-3636","page","type-page","status-publish"],"acf":[],"yoast_head":"<!-- This site is optimized with the Yoast SEO Premium plugin v27.1 (Yoast SEO v27.1.1) - https:\/\/yoast.com\/product\/yoast-seo-premium-wordpress\/ -->\n<title>Privacy policy &#8211; FHCE<\/title>\n<meta name=\"robots\" content=\"index, follow, max-snippet:-1, max-image-preview:large, max-video-preview:-1\" \/>\n<link rel=\"canonical\" href=\"https:\/\/fhce.eu\/en\/privacy-policy\/\" \/>\n<meta property=\"og:locale\" content=\"en_US\" \/>\n<meta property=\"og:type\" content=\"article\" \/>\n<meta property=\"og:title\" content=\"Privacy policy\" \/>\n<meta property=\"og:description\" content=\"ENG Lorem ipsum dolor sit amet, consectetur adipiscing elit. Praesent sit amet accumsan tortor. Aenean dapibus nunc metus, ut varius tellus consequat vel. Proin et lorem aliquet, convallis erat condimentum, rhoncus neque. Etiam mollis, nisl eu sollicitudin lacinia, mi leo sagittis nibh, et feugiat erat ante ut quam. Nunc vehicula enim justo, euismod consectetur nunc ... Read more\" \/>\n<meta property=\"og:url\" content=\"https:\/\/fhce.eu\/en\/privacy-policy\/\" \/>\n<meta property=\"og:site_name\" content=\"FHCE\" \/>\n<meta property=\"article:modified_time\" content=\"2020-11-27T01:30:11+00:00\" \/>\n<meta property=\"og:image\" content=\"https:\/\/fhce.eu\/wp-content\/uploads\/2025\/06\/hero-img-lg-scaled.jpg\" \/>\n\t<meta property=\"og:image:width\" content=\"2560\" \/>\n\t<meta property=\"og:image:height\" content=\"1708\" \/>\n\t<meta property=\"og:image:type\" content=\"image\/jpeg\" \/>\n<meta name=\"twitter:label1\" content=\"Est. reading time\" \/>\n\t<meta name=\"twitter:data1\" content=\"2 minutes\" \/>\n<script type=\"application\/ld+json\" class=\"yoast-schema-graph\">{\"@context\":\"https:\/\/schema.org\",\"@graph\":[{\"@type\":\"WebPage\",\"@id\":\"https:\/\/fhce.eu\/en\/privacy-policy\/\",\"url\":\"https:\/\/fhce.eu\/en\/privacy-policy\/\",\"name\":\"Privacy policy &#8211; FHCE\",\"isPartOf\":{\"@id\":\"https:\/\/fhce.eu\/#website\"},\"datePublished\":\"2020-11-27T01:30:10+00:00\",\"dateModified\":\"2020-11-27T01:30:11+00:00\",\"breadcrumb\":{\"@id\":\"https:\/\/fhce.eu\/en\/privacy-policy\/#breadcrumb\"},\"inLanguage\":\"en-US\",\"potentialAction\":[{\"@type\":\"ReadAction\",\"target\":[\"https:\/\/fhce.eu\/en\/privacy-policy\/\"]}]},{\"@type\":\"BreadcrumbList\",\"@id\":\"https:\/\/fhce.eu\/en\/privacy-policy\/#breadcrumb\",\"itemListElement\":[{\"@type\":\"ListItem\",\"position\":1,\"name\":\"Home\",\"item\":\"https:\/\/fhce.eu\/en\/\"},{\"@type\":\"ListItem\",\"position\":2,\"name\":\"Privacy policy\"}]},{\"@type\":\"WebSite\",\"@id\":\"https:\/\/fhce.eu\/#website\",\"url\":\"https:\/\/fhce.eu\/\",\"name\":\"FHCE\",\"description\":\"Sz\u00e9less\u00e1von a j\u00f6v\u0151\u00e9rt\",\"publisher\":{\"@id\":\"https:\/\/fhce.eu\/#organization\"},\"potentialAction\":[{\"@type\":\"SearchAction\",\"target\":{\"@type\":\"EntryPoint\",\"urlTemplate\":\"https:\/\/fhce.eu\/?s={search_term_string}\"},\"query-input\":{\"@type\":\"PropertyValueSpecification\",\"valueRequired\":true,\"valueName\":\"search_term_string\"}}],\"inLanguage\":\"en-US\"},{\"@type\":\"Organization\",\"@id\":\"https:\/\/fhce.eu\/#organization\",\"name\":\"FHCE\",\"url\":\"https:\/\/fhce.eu\/\",\"logo\":{\"@type\":\"ImageObject\",\"inLanguage\":\"en-US\",\"@id\":\"https:\/\/fhce.eu\/#\/schema\/logo\/image\/\",\"url\":\"https:\/\/fhce.eu\/wp-content\/uploads\/2021\/04\/logo2_transparent-depositphotos-bgremover.png\",\"contentUrl\":\"https:\/\/fhce.eu\/wp-content\/uploads\/2021\/04\/logo2_transparent-depositphotos-bgremover.png\",\"width\":934,\"height\":404,\"caption\":\"FHCE\"},\"image\":{\"@id\":\"https:\/\/fhce.eu\/#\/schema\/logo\/image\/\"}}]}<\/script>\n<!-- \/ Yoast SEO Premium plugin. -->","yoast_head_json":{"title":"Privacy policy &#8211; FHCE","robots":{"index":"index","follow":"follow","max-snippet":"max-snippet:-1","max-image-preview":"max-image-preview:large","max-video-preview":"max-video-preview:-1"},"canonical":"https:\/\/fhce.eu\/en\/privacy-policy\/","og_locale":"en_US","og_type":"article","og_title":"Privacy policy","og_description":"ENG Lorem ipsum dolor sit amet, consectetur adipiscing elit. Praesent sit amet accumsan tortor. Aenean dapibus nunc metus, ut varius tellus consequat vel. Proin et lorem aliquet, convallis erat condimentum, rhoncus neque. Etiam mollis, nisl eu sollicitudin lacinia, mi leo sagittis nibh, et feugiat erat ante ut quam. Nunc vehicula enim justo, euismod consectetur nunc ... Read more","og_url":"https:\/\/fhce.eu\/en\/privacy-policy\/","og_site_name":"FHCE","article_modified_time":"2020-11-27T01:30:11+00:00","og_image":[{"width":2560,"height":1708,"url":"https:\/\/fhce.eu\/wp-content\/uploads\/2025\/06\/hero-img-lg-scaled.jpg","type":"image\/jpeg"}],"twitter_misc":{"Est. reading time":"2 minutes"},"schema":{"@context":"https:\/\/schema.org","@graph":[{"@type":"WebPage","@id":"https:\/\/fhce.eu\/en\/privacy-policy\/","url":"https:\/\/fhce.eu\/en\/privacy-policy\/","name":"Privacy policy &#8211; FHCE","isPartOf":{"@id":"https:\/\/fhce.eu\/#website"},"datePublished":"2020-11-27T01:30:10+00:00","dateModified":"2020-11-27T01:30:11+00:00","breadcrumb":{"@id":"https:\/\/fhce.eu\/en\/privacy-policy\/#breadcrumb"},"inLanguage":"en-US","potentialAction":[{"@type":"ReadAction","target":["https:\/\/fhce.eu\/en\/privacy-policy\/"]}]},{"@type":"BreadcrumbList","@id":"https:\/\/fhce.eu\/en\/privacy-policy\/#breadcrumb","itemListElement":[{"@type":"ListItem","position":1,"name":"Home","item":"https:\/\/fhce.eu\/en\/"},{"@type":"ListItem","position":2,"name":"Privacy policy"}]},{"@type":"WebSite","@id":"https:\/\/fhce.eu\/#website","url":"https:\/\/fhce.eu\/","name":"FHCE","description":"Sz\u00e9less\u00e1von a j\u00f6v\u0151\u00e9rt","publisher":{"@id":"https:\/\/fhce.eu\/#organization"},"potentialAction":[{"@type":"SearchAction","target":{"@type":"EntryPoint","urlTemplate":"https:\/\/fhce.eu\/?s={search_term_string}"},"query-input":{"@type":"PropertyValueSpecification","valueRequired":true,"valueName":"search_term_string"}}],"inLanguage":"en-US"},{"@type":"Organization","@id":"https:\/\/fhce.eu\/#organization","name":"FHCE","url":"https:\/\/fhce.eu\/","logo":{"@type":"ImageObject","inLanguage":"en-US","@id":"https:\/\/fhce.eu\/#\/schema\/logo\/image\/","url":"https:\/\/fhce.eu\/wp-content\/uploads\/2021\/04\/logo2_transparent-depositphotos-bgremover.png","contentUrl":"https:\/\/fhce.eu\/wp-content\/uploads\/2021\/04\/logo2_transparent-depositphotos-bgremover.png","width":934,"height":404,"caption":"FHCE"},"image":{"@id":"https:\/\/fhce.eu\/#\/schema\/logo\/image\/"}}]}},"_links":{"self":[{"href":"https:\/\/fhce.eu\/en\/wp-json\/wp\/v2\/pages\/3636","targetHints":{"allow":["GET"]}}],"collection":[{"href":"https:\/\/fhce.eu\/en\/wp-json\/wp\/v2\/pages"}],"about":[{"href":"https:\/\/fhce.eu\/en\/wp-json\/wp\/v2\/types\/page"}],"author":[{"embeddable":true,"href":"https:\/\/fhce.eu\/en\/wp-json\/wp\/v2\/users\/6"}],"replies":[{"embeddable":true,"href":"https:\/\/fhce.eu\/en\/wp-json\/wp\/v2\/comments?post=3636"}],"version-history":[{"count":0,"href":"https:\/\/fhce.eu\/en\/wp-json\/wp\/v2\/pages\/3636\/revisions"}],"wp:attachment":[{"href":"https:\/\/fhce.eu\/en\/wp-json\/wp\/v2\/media?parent=3636"}],"curies":[{"name":"wp","href":"https:\/\/api.w.org\/{rel}","templated":true}]}}